{"id":27001,"date":"2025-11-24T16:26:23","date_gmt":"2025-11-24T15:26:23","guid":{"rendered":"https:\/\/stampcurio.com\/product\/1950-magyarorszag-bem-teljes-gepszinatnyomat-postatiszta\/"},"modified":"2026-01-05T15:18:40","modified_gmt":"2026-01-05T14:18:40","slug":"1950-magyarorszag-bem-postatiszta-40-filler-teljes-gepszinatnyomattal","status":"publish","type":"product","link":"https:\/\/stampcurio.com\/hu\/termek\/1950-magyarorszag-bem-postatiszta-40-filler-teljes-gepszinatnyomattal\/","title":{"rendered":"1950 Magyarorsz\u00e1g &#8211; Bem postatiszta ** 40 fill\u00e9r teljes g\u00e9psz\u00edn\u00e1tnyomattal"},"content":{"rendered":"","protected":false},"excerpt":{"rendered":"","protected":false},"featured_media":32857,"template":"","meta":[],"product_brand":[],"product_cat":[1172],"product_tag":[1669,116,217,1006],"class_list":{"0":"post-27001","1":"product","2":"type-product","3":"status-publish","4":"has-post-thumbnail","6":"product_cat-magyarorszag","7":"product_tag-3rd-auction","8":"product_tag-belyeg","9":"product_tag-tevnyomat","10":"product_tag-unsold","12":"first","13":"instock","14":"sold-individually","15":"shipping-taxable","16":"purchasable","17":"product-type-simple"},"_links":{"self":[{"href":"https:\/\/stampcurio.com\/hu\/wp-json\/wp\/v2\/product\/27001","targetHints":{"allow":["GET"]}}],"collection":[{"href":"https:\/\/stampcurio.com\/hu\/wp-json\/wp\/v2\/product"}],"about":[{"href":"https:\/\/stampcurio.com\/hu\/wp-json\/wp\/v2\/types\/product"}],"wp:featuredmedia":[{"embeddable":true,"href":"https:\/\/stampcurio.com\/hu\/wp-json\/wp\/v2\/media\/32857"}],"wp:attachment":[{"href":"https:\/\/stampcurio.com\/hu\/wp-json\/wp\/v2\/media?parent=27001"}],"wp:term":[{"taxonomy":"product_brand","embeddable":true,"href":"https:\/\/stampcurio.com\/hu\/wp-json\/wp\/v2\/product_brand?post=27001"},{"taxonomy":"product_cat","embeddable":true,"href":"https:\/\/stampcurio.com\/hu\/wp-json\/wp\/v2\/product_cat?post=27001"},{"taxonomy":"product_tag","embeddable":true,"href":"https:\/\/stampcurio.com\/hu\/wp-json\/wp\/v2\/product_tag?post=27001"}],"curies":[{"name":"wp","href":"https:\/\/api.w.org\/{rel}","templated":true}]}}