{"id":27000,"date":"2025-11-24T16:26:23","date_gmt":"2025-11-24T15:26:23","guid":{"rendered":"https:\/\/stampcurio.com\/product\/1950-korul-eszak-korea-2-db-hasznalatlan-dijjegyes-boritek\/"},"modified":"2025-12-05T04:04:34","modified_gmt":"2025-12-05T03:04:34","slug":"cca-1950-eszak-korea-ket-hasznalatlan-dijjegyes-boritek","status":"publish","type":"product","link":"https:\/\/stampcurio.com\/hu\/termek\/cca-1950-eszak-korea-ket-hasznalatlan-dijjegyes-boritek\/","title":{"rendered":"cca. 1950 \u00c9szak-Korea &#8211; k\u00e9t haszn\u00e1latlan d\u00edjjegyes bor\u00edt\u00e9k"},"content":{"rendered":"","protected":false},"excerpt":{"rendered":"","protected":false},"featured_media":27857,"template":"","meta":[],"product_brand":[],"product_cat":[1225],"product_tag":[1669,74],"class_list":{"0":"post-27000","1":"product","2":"type-product","3":"status-publish","4":"has-post-thumbnail","6":"product_cat-eszak-korea","7":"product_tag-3rd-auction","8":"product_tag-dijjegyes","10":"first","11":"outofstock","12":"sold-individually","13":"shipping-taxable","14":"purchasable","15":"product-type-simple"},"_links":{"self":[{"href":"https:\/\/stampcurio.com\/hu\/wp-json\/wp\/v2\/product\/27000","targetHints":{"allow":["GET"]}}],"collection":[{"href":"https:\/\/stampcurio.com\/hu\/wp-json\/wp\/v2\/product"}],"about":[{"href":"https:\/\/stampcurio.com\/hu\/wp-json\/wp\/v2\/types\/product"}],"wp:featuredmedia":[{"embeddable":true,"href":"https:\/\/stampcurio.com\/hu\/wp-json\/wp\/v2\/media\/27857"}],"wp:attachment":[{"href":"https:\/\/stampcurio.com\/hu\/wp-json\/wp\/v2\/media?parent=27000"}],"wp:term":[{"taxonomy":"product_brand","embeddable":true,"href":"https:\/\/stampcurio.com\/hu\/wp-json\/wp\/v2\/product_brand?post=27000"},{"taxonomy":"product_cat","embeddable":true,"href":"https:\/\/stampcurio.com\/hu\/wp-json\/wp\/v2\/product_cat?post=27000"},{"taxonomy":"product_tag","embeddable":true,"href":"https:\/\/stampcurio.com\/hu\/wp-json\/wp\/v2\/product_tag?post=27000"}],"curies":[{"name":"wp","href":"https:\/\/api.w.org\/{rel}","templated":true}]}}