{"id":26999,"date":"2025-11-24T16:26:23","date_gmt":"2025-11-24T15:26:23","guid":{"rendered":"https:\/\/stampcurio.com\/product\/1957-eszak-korea-dijjegyes-kepeslap\/"},"modified":"2025-12-05T04:04:34","modified_gmt":"2025-12-05T03:04:34","slug":"1957-eszak-korea-illusztralt-dijjegyes-kepeslap","status":"publish","type":"product","link":"https:\/\/stampcurio.com\/hu\/termek\/1957-eszak-korea-illusztralt-dijjegyes-kepeslap\/","title":{"rendered":"1957 \u00c9szak-Korea &#8211; illusztr\u00e1lt d\u00edjjegyes k\u00e9peslap"},"content":{"rendered":"","protected":false},"excerpt":{"rendered":"","protected":false},"featured_media":27834,"template":"","meta":[],"product_brand":[],"product_cat":[1225],"product_tag":[1669,74],"class_list":{"0":"post-26999","1":"product","2":"type-product","3":"status-publish","4":"has-post-thumbnail","6":"product_cat-eszak-korea","7":"product_tag-3rd-auction","8":"product_tag-dijjegyes","10":"first","11":"outofstock","12":"sold-individually","13":"shipping-taxable","14":"purchasable","15":"product-type-simple"},"_links":{"self":[{"href":"https:\/\/stampcurio.com\/hu\/wp-json\/wp\/v2\/product\/26999","targetHints":{"allow":["GET"]}}],"collection":[{"href":"https:\/\/stampcurio.com\/hu\/wp-json\/wp\/v2\/product"}],"about":[{"href":"https:\/\/stampcurio.com\/hu\/wp-json\/wp\/v2\/types\/product"}],"wp:featuredmedia":[{"embeddable":true,"href":"https:\/\/stampcurio.com\/hu\/wp-json\/wp\/v2\/media\/27834"}],"wp:attachment":[{"href":"https:\/\/stampcurio.com\/hu\/wp-json\/wp\/v2\/media?parent=26999"}],"wp:term":[{"taxonomy":"product_brand","embeddable":true,"href":"https:\/\/stampcurio.com\/hu\/wp-json\/wp\/v2\/product_brand?post=26999"},{"taxonomy":"product_cat","embeddable":true,"href":"https:\/\/stampcurio.com\/hu\/wp-json\/wp\/v2\/product_cat?post=26999"},{"taxonomy":"product_tag","embeddable":true,"href":"https:\/\/stampcurio.com\/hu\/wp-json\/wp\/v2\/product_tag?post=26999"}],"curies":[{"name":"wp","href":"https:\/\/api.w.org\/{rel}","templated":true}]}}