{"id":26998,"date":"2025-11-24T16:26:22","date_gmt":"2025-11-24T15:26:22","guid":{"rendered":"https:\/\/stampcurio.com\/product\/1938-magyarorszag-legiposta-level\/"},"modified":"2026-01-05T15:18:41","modified_gmt":"2026-01-05T14:18:41","slug":"1938-magyarorszag-legiposta-boritek-jugoszlaviaba-kuldve-elobb-szarajevoba-majd-kotorba-tovabbkuldve","status":"publish","type":"product","link":"https:\/\/stampcurio.com\/hu\/termek\/1938-magyarorszag-legiposta-boritek-jugoszlaviaba-kuldve-elobb-szarajevoba-majd-kotorba-tovabbkuldve\/","title":{"rendered":"1938 Magyarorsz\u00e1g &#8211; l\u00e9giposta bor\u00edt\u00e9k Jugoszl\u00e1vi\u00e1ba k\u00fcldve, el\u0151bb Szarajev\u00f3ba majd Kotorba tov\u00e1bbk\u00fcldve"},"content":{"rendered":"","protected":false},"excerpt":{"rendered":"","protected":false},"featured_media":27844,"template":"","meta":[],"product_brand":[],"product_cat":[1222,1694,1172,1733],"product_tag":[1669,115,89,1006],"class_list":{"0":"post-26998","1":"product","2":"type-product","3":"status-publish","4":"has-post-thumbnail","6":"product_cat-bosznia-hercegovina","7":"product_cat-jugoszlavia","8":"product_cat-magyarorszag","9":"product_cat-montenegro","10":"product_tag-3rd-auction","11":"product_tag-legiposta","12":"product_tag-postatortenet","13":"product_tag-unsold","15":"first","16":"instock","17":"sold-individually","18":"shipping-taxable","19":"purchasable","20":"product-type-simple"},"_links":{"self":[{"href":"https:\/\/stampcurio.com\/hu\/wp-json\/wp\/v2\/product\/26998","targetHints":{"allow":["GET"]}}],"collection":[{"href":"https:\/\/stampcurio.com\/hu\/wp-json\/wp\/v2\/product"}],"about":[{"href":"https:\/\/stampcurio.com\/hu\/wp-json\/wp\/v2\/types\/product"}],"wp:featuredmedia":[{"embeddable":true,"href":"https:\/\/stampcurio.com\/hu\/wp-json\/wp\/v2\/media\/27844"}],"wp:attachment":[{"href":"https:\/\/stampcurio.com\/hu\/wp-json\/wp\/v2\/media?parent=26998"}],"wp:term":[{"taxonomy":"product_brand","embeddable":true,"href":"https:\/\/stampcurio.com\/hu\/wp-json\/wp\/v2\/product_brand?post=26998"},{"taxonomy":"product_cat","embeddable":true,"href":"https:\/\/stampcurio.com\/hu\/wp-json\/wp\/v2\/product_cat?post=26998"},{"taxonomy":"product_tag","embeddable":true,"href":"https:\/\/stampcurio.com\/hu\/wp-json\/wp\/v2\/product_tag?post=26998"}],"curies":[{"name":"wp","href":"https:\/\/api.w.org\/{rel}","templated":true}]}}