{"id":26997,"date":"2025-11-24T16:26:22","date_gmt":"2025-11-24T15:26:22","guid":{"rendered":"https:\/\/stampcurio.com\/product\/1970-korul-csehszlovakia-dijjegyes-boritek-probanyomat\/"},"modified":"2026-01-05T15:18:40","modified_gmt":"2026-01-05T14:18:40","slug":"cca-1970-csehszlovakia-dijjegyes-boritek-probanyomat","status":"publish","type":"product","link":"https:\/\/stampcurio.com\/hu\/termek\/cca-1970-csehszlovakia-dijjegyes-boritek-probanyomat\/","title":{"rendered":"cca. 1970 Csehszlov\u00e1kia &#8211; d\u00edjjegyes bor\u00edt\u00e9k pr\u00f3banyomat"},"content":{"rendered":"","protected":false},"excerpt":{"rendered":"","protected":false},"featured_media":35823,"template":"","meta":[],"product_brand":[],"product_cat":[1238,1189],"product_tag":[1669,74,89,390,1006],"class_list":{"0":"post-26997","1":"product","2":"type-product","3":"status-publish","4":"has-post-thumbnail","6":"product_cat-csehorszag","7":"product_cat-szlovakia","8":"product_tag-3rd-auction","9":"product_tag-dijjegyes","10":"product_tag-postatortenet","11":"product_tag-probanyomat","12":"product_tag-unsold","14":"first","15":"instock","16":"sold-individually","17":"shipping-taxable","18":"purchasable","19":"product-type-simple"},"_links":{"self":[{"href":"https:\/\/stampcurio.com\/hu\/wp-json\/wp\/v2\/product\/26997","targetHints":{"allow":["GET"]}}],"collection":[{"href":"https:\/\/stampcurio.com\/hu\/wp-json\/wp\/v2\/product"}],"about":[{"href":"https:\/\/stampcurio.com\/hu\/wp-json\/wp\/v2\/types\/product"}],"wp:featuredmedia":[{"embeddable":true,"href":"https:\/\/stampcurio.com\/hu\/wp-json\/wp\/v2\/media\/35823"}],"wp:attachment":[{"href":"https:\/\/stampcurio.com\/hu\/wp-json\/wp\/v2\/media?parent=26997"}],"wp:term":[{"taxonomy":"product_brand","embeddable":true,"href":"https:\/\/stampcurio.com\/hu\/wp-json\/wp\/v2\/product_brand?post=26997"},{"taxonomy":"product_cat","embeddable":true,"href":"https:\/\/stampcurio.com\/hu\/wp-json\/wp\/v2\/product_cat?post=26997"},{"taxonomy":"product_tag","embeddable":true,"href":"https:\/\/stampcurio.com\/hu\/wp-json\/wp\/v2\/product_tag?post=26997"}],"curies":[{"name":"wp","href":"https:\/\/api.w.org\/{rel}","templated":true}]}}