{"id":26996,"date":"2025-11-24T16:26:21","date_gmt":"2025-11-24T15:26:21","guid":{"rendered":"https:\/\/stampcurio.com\/product\/1932-magyarorszag-nagy-madonna-ivszeli-vagott-sor\/"},"modified":"2026-01-05T15:18:41","modified_gmt":"2026-01-05T14:18:41","slug":"1932-magyarorszag-nagy-madonna-ivszeli-vagott-postatiszta-sor-szep-minosegben-phu-825-eur","status":"publish","type":"product","link":"https:\/\/stampcurio.com\/hu\/termek\/1932-magyarorszag-nagy-madonna-ivszeli-vagott-postatiszta-sor-szep-minosegben-phu-825-eur\/","title":{"rendered":"1932 Magyarorsz\u00e1g &#8211; Nagy Madonna \u00edvsz\u00e9li v\u00e1gott postatiszta ** sor sz\u00e9p min\u0151s\u00e9gben Phu: 825 EUR"},"content":{"rendered":"","protected":false},"excerpt":{"rendered":"","protected":false},"featured_media":31593,"template":"","meta":[],"product_brand":[],"product_cat":[1172],"product_tag":[1669,116,176,1006],"class_list":{"0":"post-26996","1":"product","2":"type-product","3":"status-publish","4":"has-post-thumbnail","6":"product_cat-magyarorszag","7":"product_tag-3rd-auction","8":"product_tag-belyeg","9":"product_tag-philagem","10":"product_tag-unsold","12":"first","13":"instock","14":"sold-individually","15":"shipping-taxable","16":"purchasable","17":"product-type-simple"},"_links":{"self":[{"href":"https:\/\/stampcurio.com\/hu\/wp-json\/wp\/v2\/product\/26996","targetHints":{"allow":["GET"]}}],"collection":[{"href":"https:\/\/stampcurio.com\/hu\/wp-json\/wp\/v2\/product"}],"about":[{"href":"https:\/\/stampcurio.com\/hu\/wp-json\/wp\/v2\/types\/product"}],"wp:featuredmedia":[{"embeddable":true,"href":"https:\/\/stampcurio.com\/hu\/wp-json\/wp\/v2\/media\/31593"}],"wp:attachment":[{"href":"https:\/\/stampcurio.com\/hu\/wp-json\/wp\/v2\/media?parent=26996"}],"wp:term":[{"taxonomy":"product_brand","embeddable":true,"href":"https:\/\/stampcurio.com\/hu\/wp-json\/wp\/v2\/product_brand?post=26996"},{"taxonomy":"product_cat","embeddable":true,"href":"https:\/\/stampcurio.com\/hu\/wp-json\/wp\/v2\/product_cat?post=26996"},{"taxonomy":"product_tag","embeddable":true,"href":"https:\/\/stampcurio.com\/hu\/wp-json\/wp\/v2\/product_tag?post=26996"}],"curies":[{"name":"wp","href":"https:\/\/api.w.org\/{rel}","templated":true}]}}