{"id":26995,"date":"2025-11-24T16:26:21","date_gmt":"2025-11-24T15:26:21","guid":{"rendered":"https:\/\/stampcurio.com\/product\/1965-magyarorszag-kozlekedes-ketoldali-nyomat\/"},"modified":"2026-01-05T15:18:41","modified_gmt":"2026-01-05T14:18:41","slug":"1963-magyarorszag-kozlekedes-2-ft-postatiszta-ketoldali-nyomat-a-hatoldali-nyomat-forditott-allasu-phu-250-eur","status":"publish","type":"product","link":"https:\/\/stampcurio.com\/hu\/termek\/1963-magyarorszag-kozlekedes-2-ft-postatiszta-ketoldali-nyomat-a-hatoldali-nyomat-forditott-allasu-phu-250-eur\/","title":{"rendered":"1963 Magyarorsz\u00e1g &#8211; K\u00f6zleked\u00e9s 2 Ft &#8211; postatiszta ** k\u00e9toldali nyomat, a h\u00e1toldali nyomat ford\u00edtott \u00e1ll\u00e1s\u00fa Phu: 250 EUR"},"content":{"rendered":"","protected":false},"excerpt":{"rendered":"","protected":false},"featured_media":32754,"template":"","meta":[],"product_brand":[],"product_cat":[1172],"product_tag":[1669,116,176,217,1006],"class_list":{"0":"post-26995","1":"product","2":"type-product","3":"status-publish","4":"has-post-thumbnail","6":"product_cat-magyarorszag","7":"product_tag-3rd-auction","8":"product_tag-belyeg","9":"product_tag-philagem","10":"product_tag-tevnyomat","11":"product_tag-unsold","13":"first","14":"instock","15":"sold-individually","16":"shipping-taxable","17":"purchasable","18":"product-type-simple"},"_links":{"self":[{"href":"https:\/\/stampcurio.com\/hu\/wp-json\/wp\/v2\/product\/26995","targetHints":{"allow":["GET"]}}],"collection":[{"href":"https:\/\/stampcurio.com\/hu\/wp-json\/wp\/v2\/product"}],"about":[{"href":"https:\/\/stampcurio.com\/hu\/wp-json\/wp\/v2\/types\/product"}],"wp:featuredmedia":[{"embeddable":true,"href":"https:\/\/stampcurio.com\/hu\/wp-json\/wp\/v2\/media\/32754"}],"wp:attachment":[{"href":"https:\/\/stampcurio.com\/hu\/wp-json\/wp\/v2\/media?parent=26995"}],"wp:term":[{"taxonomy":"product_brand","embeddable":true,"href":"https:\/\/stampcurio.com\/hu\/wp-json\/wp\/v2\/product_brand?post=26995"},{"taxonomy":"product_cat","embeddable":true,"href":"https:\/\/stampcurio.com\/hu\/wp-json\/wp\/v2\/product_cat?post=26995"},{"taxonomy":"product_tag","embeddable":true,"href":"https:\/\/stampcurio.com\/hu\/wp-json\/wp\/v2\/product_tag?post=26995"}],"curies":[{"name":"wp","href":"https:\/\/api.w.org\/{rel}","templated":true}]}}