{"id":26994,"date":"2025-11-24T16:26:21","date_gmt":"2025-11-24T15:26:21","guid":{"rendered":"https:\/\/stampcurio.com\/product\/1960-korul-eszak-korea-tevnyomat-osszeallitas\/"},"modified":"2025-12-05T04:04:35","modified_gmt":"2025-12-05T03:04:35","slug":"cca-1960-eszak-korea-tevnyomat-osszeallitas","status":"publish","type":"product","link":"https:\/\/stampcurio.com\/hu\/termek\/cca-1960-eszak-korea-tevnyomat-osszeallitas\/","title":{"rendered":"cca. 1960 \u00c9szak-Korea &#8211; t\u00e9vnyomat \u00f6ssze\u00e1ll\u00edt\u00e1s"},"content":{"rendered":"","protected":false},"excerpt":{"rendered":"","protected":false},"featured_media":32863,"template":"","meta":[],"product_brand":[],"product_cat":[1225],"product_tag":[1669,116,217],"class_list":{"0":"post-26994","1":"product","2":"type-product","3":"status-publish","4":"has-post-thumbnail","6":"product_cat-eszak-korea","7":"product_tag-3rd-auction","8":"product_tag-belyeg","9":"product_tag-tevnyomat","11":"first","12":"outofstock","13":"sold-individually","14":"shipping-taxable","15":"purchasable","16":"product-type-simple"},"_links":{"self":[{"href":"https:\/\/stampcurio.com\/hu\/wp-json\/wp\/v2\/product\/26994","targetHints":{"allow":["GET"]}}],"collection":[{"href":"https:\/\/stampcurio.com\/hu\/wp-json\/wp\/v2\/product"}],"about":[{"href":"https:\/\/stampcurio.com\/hu\/wp-json\/wp\/v2\/types\/product"}],"wp:featuredmedia":[{"embeddable":true,"href":"https:\/\/stampcurio.com\/hu\/wp-json\/wp\/v2\/media\/32863"}],"wp:attachment":[{"href":"https:\/\/stampcurio.com\/hu\/wp-json\/wp\/v2\/media?parent=26994"}],"wp:term":[{"taxonomy":"product_brand","embeddable":true,"href":"https:\/\/stampcurio.com\/hu\/wp-json\/wp\/v2\/product_brand?post=26994"},{"taxonomy":"product_cat","embeddable":true,"href":"https:\/\/stampcurio.com\/hu\/wp-json\/wp\/v2\/product_cat?post=26994"},{"taxonomy":"product_tag","embeddable":true,"href":"https:\/\/stampcurio.com\/hu\/wp-json\/wp\/v2\/product_tag?post=26994"}],"curies":[{"name":"wp","href":"https:\/\/api.w.org\/{rel}","templated":true}]}}