{"id":26991,"date":"2025-11-24T16:26:20","date_gmt":"2025-11-24T15:26:20","guid":{"rendered":"https:\/\/stampcurio.com\/product\/1867-magyarorszag-postautalvany\/"},"modified":"2025-12-05T04:04:36","modified_gmt":"2025-12-05T03:04:36","slug":"1867-magyarorszag-harmadik-ertek-kategoriaju-15kr-dij-postautalvany-luxus-tinnye-belyegzessel-az-urlap-uyugta-tevnyomattal","status":"publish","type":"product","link":"https:\/\/stampcurio.com\/hu\/termek\/1867-magyarorszag-harmadik-ertek-kategoriaju-15kr-dij-postautalvany-luxus-tinnye-belyegzessel-az-urlap-uyugta-tevnyomattal\/","title":{"rendered":"1867 Magyarorsz\u00e1g &#8211; harmadik \u00e9rt\u00e9k-kateg\u00f3ri\u00e1j\u00fa  (15kr d\u00edj) postautalv\u00e1ny luxus TINNYE b\u00e9lyegz\u00e9ssel. Az \u0171rlap &#8220;uyugta&#8221; t\u00e9vnyomattal"},"content":{"rendered":"","protected":false},"excerpt":{"rendered":"","protected":false},"featured_media":35973,"template":"","meta":[],"product_brand":[],"product_cat":[1178,1172],"product_tag":[1669,116,1041,89,217],"class_list":{"0":"post-26991","1":"product","2":"type-product","3":"status-publish","4":"has-post-thumbnail","6":"product_cat-ausztria","7":"product_cat-magyarorszag","8":"product_tag-3rd-auction","9":"product_tag-belyeg","10":"product_tag-marcophily-hu","11":"product_tag-postatortenet","12":"product_tag-tevnyomat","14":"first","15":"outofstock","16":"sold-individually","17":"shipping-taxable","18":"purchasable","19":"product-type-simple"},"_links":{"self":[{"href":"https:\/\/stampcurio.com\/hu\/wp-json\/wp\/v2\/product\/26991","targetHints":{"allow":["GET"]}}],"collection":[{"href":"https:\/\/stampcurio.com\/hu\/wp-json\/wp\/v2\/product"}],"about":[{"href":"https:\/\/stampcurio.com\/hu\/wp-json\/wp\/v2\/types\/product"}],"wp:featuredmedia":[{"embeddable":true,"href":"https:\/\/stampcurio.com\/hu\/wp-json\/wp\/v2\/media\/35973"}],"wp:attachment":[{"href":"https:\/\/stampcurio.com\/hu\/wp-json\/wp\/v2\/media?parent=26991"}],"wp:term":[{"taxonomy":"product_brand","embeddable":true,"href":"https:\/\/stampcurio.com\/hu\/wp-json\/wp\/v2\/product_brand?post=26991"},{"taxonomy":"product_cat","embeddable":true,"href":"https:\/\/stampcurio.com\/hu\/wp-json\/wp\/v2\/product_cat?post=26991"},{"taxonomy":"product_tag","embeddable":true,"href":"https:\/\/stampcurio.com\/hu\/wp-json\/wp\/v2\/product_tag?post=26991"}],"curies":[{"name":"wp","href":"https:\/\/api.w.org\/{rel}","templated":true}]}}