{"id":26990,"date":"2025-11-24T16:26:19","date_gmt":"2025-11-24T15:26:19","guid":{"rendered":"https:\/\/stampcurio.com\/product\/1900-magyarorszag-turul-3-filler-kozepen-fogazatlan-par-postatiszta\/"},"modified":"2025-12-05T04:04:38","modified_gmt":"2025-12-05T03:04:38","slug":"1900-magyarorszag-turul-3-filler-postatiszta-kozepen-fogazatlan-par-b1-vizjel-allassal","status":"publish","type":"product","link":"https:\/\/stampcurio.com\/hu\/termek\/1900-magyarorszag-turul-3-filler-postatiszta-kozepen-fogazatlan-par-b1-vizjel-allassal\/","title":{"rendered":"1900 Magyarorsz\u00e1g &#8211; Turul 3 fill\u00e9r postatiszta k\u00f6z\u00e9pen fogazatlan p\u00e1r B1 v\u00edzjel \u00e1ll\u00e1ssal."},"content":{"rendered":"","protected":false},"excerpt":{"rendered":"<p>Az egyik b\u00e9lyegen falc.<\/p>\n","protected":false},"featured_media":31613,"template":"","meta":[],"product_brand":[],"product_cat":[1172],"product_tag":[1669,116],"class_list":{"0":"post-26990","1":"product","2":"type-product","3":"status-publish","4":"has-post-thumbnail","6":"product_cat-magyarorszag","7":"product_tag-3rd-auction","8":"product_tag-belyeg","10":"first","11":"outofstock","12":"sold-individually","13":"shipping-taxable","14":"purchasable","15":"product-type-simple"},"_links":{"self":[{"href":"https:\/\/stampcurio.com\/hu\/wp-json\/wp\/v2\/product\/26990","targetHints":{"allow":["GET"]}}],"collection":[{"href":"https:\/\/stampcurio.com\/hu\/wp-json\/wp\/v2\/product"}],"about":[{"href":"https:\/\/stampcurio.com\/hu\/wp-json\/wp\/v2\/types\/product"}],"wp:featuredmedia":[{"embeddable":true,"href":"https:\/\/stampcurio.com\/hu\/wp-json\/wp\/v2\/media\/31613"}],"wp:attachment":[{"href":"https:\/\/stampcurio.com\/hu\/wp-json\/wp\/v2\/media?parent=26990"}],"wp:term":[{"taxonomy":"product_brand","embeddable":true,"href":"https:\/\/stampcurio.com\/hu\/wp-json\/wp\/v2\/product_brand?post=26990"},{"taxonomy":"product_cat","embeddable":true,"href":"https:\/\/stampcurio.com\/hu\/wp-json\/wp\/v2\/product_cat?post=26990"},{"taxonomy":"product_tag","embeddable":true,"href":"https:\/\/stampcurio.com\/hu\/wp-json\/wp\/v2\/product_tag?post=26990"}],"curies":[{"name":"wp","href":"https:\/\/api.w.org\/{rel}","templated":true}]}}