{"id":26989,"date":"2025-11-24T16:26:19","date_gmt":"2025-11-24T15:26:19","guid":{"rendered":"https:\/\/stampcurio.com\/product\/1919-magyarorszag-tanacskoztarsasag-essze\/"},"modified":"2026-01-05T15:18:42","modified_gmt":"2026-01-05T14:18:42","slug":"1919-magyarorszag-tanacskoztarsasag-rampacher-essay-marx-a-ritka-acelkek-egyszinnyomasu-essze-meritett-papiron-mely-csak-50-peldanyban-keszult","status":"publish","type":"product","link":"https:\/\/stampcurio.com\/hu\/termek\/1919-magyarorszag-tanacskoztarsasag-rampacher-essay-marx-a-ritka-acelkek-egyszinnyomasu-essze-meritett-papiron-mely-csak-50-peldanyban-keszult\/","title":{"rendered":"1919 Magyarorsz\u00e1g \/ Tan\u00e1csk\u00f6zt\u00e1rsas\u00e1g \u2013 Rampacher Essay \u2013 Marx \u2013 a ritka ac\u00e9lk\u00e9k egysz\u00ednnyom\u00e1s\u00fa essz\u00e9 &#8211; mer\u00edtett pap\u00edron, mely csak 50 p\u00e9ld\u00e1nyban k\u00e9sz\u00fclt"},"content":{"rendered":"","protected":false},"excerpt":{"rendered":"","protected":false},"featured_media":27855,"template":"","meta":[],"product_brand":[],"product_cat":[1172],"product_tag":[1669,116,1377,176,1006],"class_list":{"0":"post-26989","1":"product","2":"type-product","3":"status-publish","4":"has-post-thumbnail","6":"product_cat-magyarorszag","7":"product_tag-3rd-auction","8":"product_tag-belyeg","9":"product_tag-belyegterv","10":"product_tag-philagem","11":"product_tag-unsold","13":"first","14":"instock","15":"sold-individually","16":"shipping-taxable","17":"purchasable","18":"product-type-simple"},"_links":{"self":[{"href":"https:\/\/stampcurio.com\/hu\/wp-json\/wp\/v2\/product\/26989","targetHints":{"allow":["GET"]}}],"collection":[{"href":"https:\/\/stampcurio.com\/hu\/wp-json\/wp\/v2\/product"}],"about":[{"href":"https:\/\/stampcurio.com\/hu\/wp-json\/wp\/v2\/types\/product"}],"wp:featuredmedia":[{"embeddable":true,"href":"https:\/\/stampcurio.com\/hu\/wp-json\/wp\/v2\/media\/27855"}],"wp:attachment":[{"href":"https:\/\/stampcurio.com\/hu\/wp-json\/wp\/v2\/media?parent=26989"}],"wp:term":[{"taxonomy":"product_brand","embeddable":true,"href":"https:\/\/stampcurio.com\/hu\/wp-json\/wp\/v2\/product_brand?post=26989"},{"taxonomy":"product_cat","embeddable":true,"href":"https:\/\/stampcurio.com\/hu\/wp-json\/wp\/v2\/product_cat?post=26989"},{"taxonomy":"product_tag","embeddable":true,"href":"https:\/\/stampcurio.com\/hu\/wp-json\/wp\/v2\/product_tag?post=26989"}],"curies":[{"name":"wp","href":"https:\/\/api.w.org\/{rel}","templated":true}]}}