{"id":26987,"date":"2025-11-24T16:26:18","date_gmt":"2025-11-24T15:26:18","guid":{"rendered":"https:\/\/stampcurio.com\/product\/1966-eszak-korea-kim-bong-han-kisiv-hasznalatlan-enyvezes-nelkul-kiadas-szerint\/"},"modified":"2026-01-05T15:18:42","modified_gmt":"2026-01-05T14:18:42","slug":"1966-eszak-korea-kim-bong-han-postatiszta-enyvezes-nelkuli-ahogy-kiadasra-kerult-ritka-kisiv-a-koreai-katalogusbol-toroltek-a-belyeget","status":"publish","type":"product","link":"https:\/\/stampcurio.com\/hu\/termek\/1966-eszak-korea-kim-bong-han-postatiszta-enyvezes-nelkuli-ahogy-kiadasra-kerult-ritka-kisiv-a-koreai-katalogusbol-toroltek-a-belyeget\/","title":{"rendered":"1966 \u00c9szak-Korea &#8211; Kim Bong Han postatiszta enyvez\u00e9s n\u00e9lk\u00fcli (ahogy kiad\u00e1sra ker\u00fclt) ritka kis\u00edv &#8211; a koreai katal\u00f3gusb\u00f3l t\u00f6r\u00f6lt\u00e9k a b\u00e9lyeget&#8230;"},"content":{"rendered":"","protected":false},"excerpt":{"rendered":"","protected":false},"featured_media":31601,"template":"","meta":[],"product_brand":[],"product_cat":[1225],"product_tag":[1669,116,1006],"class_list":{"0":"post-26987","1":"product","2":"type-product","3":"status-publish","4":"has-post-thumbnail","6":"product_cat-eszak-korea","7":"product_tag-3rd-auction","8":"product_tag-belyeg","9":"product_tag-unsold","11":"first","12":"instock","13":"sold-individually","14":"shipping-taxable","15":"purchasable","16":"product-type-simple"},"_links":{"self":[{"href":"https:\/\/stampcurio.com\/hu\/wp-json\/wp\/v2\/product\/26987","targetHints":{"allow":["GET"]}}],"collection":[{"href":"https:\/\/stampcurio.com\/hu\/wp-json\/wp\/v2\/product"}],"about":[{"href":"https:\/\/stampcurio.com\/hu\/wp-json\/wp\/v2\/types\/product"}],"wp:featuredmedia":[{"embeddable":true,"href":"https:\/\/stampcurio.com\/hu\/wp-json\/wp\/v2\/media\/31601"}],"wp:attachment":[{"href":"https:\/\/stampcurio.com\/hu\/wp-json\/wp\/v2\/media?parent=26987"}],"wp:term":[{"taxonomy":"product_brand","embeddable":true,"href":"https:\/\/stampcurio.com\/hu\/wp-json\/wp\/v2\/product_brand?post=26987"},{"taxonomy":"product_cat","embeddable":true,"href":"https:\/\/stampcurio.com\/hu\/wp-json\/wp\/v2\/product_cat?post=26987"},{"taxonomy":"product_tag","embeddable":true,"href":"https:\/\/stampcurio.com\/hu\/wp-json\/wp\/v2\/product_tag?post=26987"}],"curies":[{"name":"wp","href":"https:\/\/api.w.org\/{rel}","templated":true}]}}