{"id":26986,"date":"2025-11-24T16:26:18","date_gmt":"2025-11-24T15:26:18","guid":{"rendered":"https:\/\/stampcurio.com\/product\/1959-eszak-korea-dijjegyes-boritek\/"},"modified":"2025-12-05T04:04:38","modified_gmt":"2025-12-05T03:04:38","slug":"1959-eszak-korea-lengyelorszagba-kuldott-dijjegyes-boritek","status":"publish","type":"product","link":"https:\/\/stampcurio.com\/hu\/termek\/1959-eszak-korea-lengyelorszagba-kuldott-dijjegyes-boritek\/","title":{"rendered":"1959 \u00c9szak-Korea &#8211; Lengyelorsz\u00e1gba k\u00fcld\u00f6tt d\u00edjjegyes bor\u00edt\u00e9k"},"content":{"rendered":"","protected":false},"excerpt":{"rendered":"","protected":false},"featured_media":27842,"template":"","meta":[],"product_brand":[],"product_cat":[1225],"product_tag":[1669,74,89],"class_list":{"0":"post-26986","1":"product","2":"type-product","3":"status-publish","4":"has-post-thumbnail","6":"product_cat-eszak-korea","7":"product_tag-3rd-auction","8":"product_tag-dijjegyes","9":"product_tag-postatortenet","11":"first","12":"outofstock","13":"sold-individually","14":"shipping-taxable","15":"purchasable","16":"product-type-simple"},"_links":{"self":[{"href":"https:\/\/stampcurio.com\/hu\/wp-json\/wp\/v2\/product\/26986","targetHints":{"allow":["GET"]}}],"collection":[{"href":"https:\/\/stampcurio.com\/hu\/wp-json\/wp\/v2\/product"}],"about":[{"href":"https:\/\/stampcurio.com\/hu\/wp-json\/wp\/v2\/types\/product"}],"wp:featuredmedia":[{"embeddable":true,"href":"https:\/\/stampcurio.com\/hu\/wp-json\/wp\/v2\/media\/27842"}],"wp:attachment":[{"href":"https:\/\/stampcurio.com\/hu\/wp-json\/wp\/v2\/media?parent=26986"}],"wp:term":[{"taxonomy":"product_brand","embeddable":true,"href":"https:\/\/stampcurio.com\/hu\/wp-json\/wp\/v2\/product_brand?post=26986"},{"taxonomy":"product_cat","embeddable":true,"href":"https:\/\/stampcurio.com\/hu\/wp-json\/wp\/v2\/product_cat?post=26986"},{"taxonomy":"product_tag","embeddable":true,"href":"https:\/\/stampcurio.com\/hu\/wp-json\/wp\/v2\/product_tag?post=26986"}],"curies":[{"name":"wp","href":"https:\/\/api.w.org\/{rel}","templated":true}]}}