{"id":26985,"date":"2025-11-24T16:26:17","date_gmt":"2025-11-24T15:26:17","guid":{"rendered":"https:\/\/stampcurio.com\/product\/1861-poroszorszag-dijkiegeszitett-dijjegyes-levelezolap\/"},"modified":"2025-12-05T04:04:39","modified_gmt":"2025-12-05T03:04:39","slug":"1861-nemetorszag-poroszorszag-2-sgr-dijjegyes-boritek-2-sgr-dijkiegeszitessel-dekorativ-darab","status":"publish","type":"product","link":"https:\/\/stampcurio.com\/hu\/termek\/1861-nemetorszag-poroszorszag-2-sgr-dijjegyes-boritek-2-sgr-dijkiegeszitessel-dekorativ-darab\/","title":{"rendered":"1861 N\u00e9metorsz\u00e1g &#8211; Poroszorsz\u00e1g &#8211; 2 Sgr d\u00edjjegyes bor\u00edt\u00e9k 2 Sgr d\u00edjkieg\u00e9sz\u00edt\u00e9ssel &#8211; dekorat\u00edv darab"},"content":{"rendered":"","protected":false},"excerpt":{"rendered":"","protected":false},"featured_media":27866,"template":"","meta":[],"product_brand":[],"product_cat":[1175],"product_tag":[1669,116,74,89],"class_list":{"0":"post-26985","1":"product","2":"type-product","3":"status-publish","4":"has-post-thumbnail","6":"product_cat-nemetorszag","7":"product_tag-3rd-auction","8":"product_tag-belyeg","9":"product_tag-dijjegyes","10":"product_tag-postatortenet","12":"first","13":"outofstock","14":"sold-individually","15":"shipping-taxable","16":"purchasable","17":"product-type-simple"},"_links":{"self":[{"href":"https:\/\/stampcurio.com\/hu\/wp-json\/wp\/v2\/product\/26985","targetHints":{"allow":["GET"]}}],"collection":[{"href":"https:\/\/stampcurio.com\/hu\/wp-json\/wp\/v2\/product"}],"about":[{"href":"https:\/\/stampcurio.com\/hu\/wp-json\/wp\/v2\/types\/product"}],"wp:featuredmedia":[{"embeddable":true,"href":"https:\/\/stampcurio.com\/hu\/wp-json\/wp\/v2\/media\/27866"}],"wp:attachment":[{"href":"https:\/\/stampcurio.com\/hu\/wp-json\/wp\/v2\/media?parent=26985"}],"wp:term":[{"taxonomy":"product_brand","embeddable":true,"href":"https:\/\/stampcurio.com\/hu\/wp-json\/wp\/v2\/product_brand?post=26985"},{"taxonomy":"product_cat","embeddable":true,"href":"https:\/\/stampcurio.com\/hu\/wp-json\/wp\/v2\/product_cat?post=26985"},{"taxonomy":"product_tag","embeddable":true,"href":"https:\/\/stampcurio.com\/hu\/wp-json\/wp\/v2\/product_tag?post=26985"}],"curies":[{"name":"wp","href":"https:\/\/api.w.org\/{rel}","templated":true}]}}