{"id":26984,"date":"2025-11-24T16:26:17","date_gmt":"2025-11-24T15:26:17","guid":{"rendered":"https:\/\/stampcurio.com\/product\/1896-1906-magyarorszag-reklamos-milleniumi-dijjegyes-levelezolap\/"},"modified":"2025-12-05T04:04:39","modified_gmt":"2025-12-05T03:04:39","slug":"1896-magyarorszag-milleniumi-dijjegyes-levelezolap-1906-ban-szeberenyi-lajos-belyegkereskedo-reklam-felulnyomasaval-nyomtatvanykent-belgiumba-kuldve","status":"publish","type":"product","link":"https:\/\/stampcurio.com\/hu\/termek\/1896-magyarorszag-milleniumi-dijjegyes-levelezolap-1906-ban-szeberenyi-lajos-belyegkereskedo-reklam-felulnyomasaval-nyomtatvanykent-belgiumba-kuldve\/","title":{"rendered":"1896 Magyarorsz\u00e1g &#8211; milleniumi d\u00edjjegyes levelez\u0151lap 1906-ban Szeber\u00e9nyi Lajos b\u00e9lyegkeresked\u0151 rekl\u00e1m fel\u00fclnyom\u00e1s\u00e1val nyomtatv\u00e1nyk\u00e9nt Belgiumba k\u00fcldve"},"content":{"rendered":"","protected":false},"excerpt":{"rendered":"<p>\u00c1lvegyes b\u00e9rmentes\u00edt\u00e9st, mert a 2 krajc\u00e1ros d\u00edjjegy m\u00e1r nem volt \u00e9rv\u00e9nyben.<\/p>\n","protected":false},"featured_media":27861,"template":"","meta":[],"product_brand":[],"product_cat":[1257,1275,1172],"product_tag":[1669,1340,74,75,172],"class_list":{"0":"post-26984","1":"product","2":"type-product","3":"status-publish","4":"has-post-thumbnail","6":"product_cat-belgium","7":"product_cat-fiume","8":"product_cat-magyarorszag","9":"product_tag-3rd-auction","10":"product_tag-belyegkereskedo","11":"product_tag-dijjegyes","12":"product_tag-reklam","13":"product_tag-vegyes-bermentesites","15":"first","16":"outofstock","17":"sold-individually","18":"shipping-taxable","19":"purchasable","20":"product-type-simple"},"_links":{"self":[{"href":"https:\/\/stampcurio.com\/hu\/wp-json\/wp\/v2\/product\/26984","targetHints":{"allow":["GET"]}}],"collection":[{"href":"https:\/\/stampcurio.com\/hu\/wp-json\/wp\/v2\/product"}],"about":[{"href":"https:\/\/stampcurio.com\/hu\/wp-json\/wp\/v2\/types\/product"}],"wp:featuredmedia":[{"embeddable":true,"href":"https:\/\/stampcurio.com\/hu\/wp-json\/wp\/v2\/media\/27861"}],"wp:attachment":[{"href":"https:\/\/stampcurio.com\/hu\/wp-json\/wp\/v2\/media?parent=26984"}],"wp:term":[{"taxonomy":"product_brand","embeddable":true,"href":"https:\/\/stampcurio.com\/hu\/wp-json\/wp\/v2\/product_brand?post=26984"},{"taxonomy":"product_cat","embeddable":true,"href":"https:\/\/stampcurio.com\/hu\/wp-json\/wp\/v2\/product_cat?post=26984"},{"taxonomy":"product_tag","embeddable":true,"href":"https:\/\/stampcurio.com\/hu\/wp-json\/wp\/v2\/product_tag?post=26984"}],"curies":[{"name":"wp","href":"https:\/\/api.w.org\/{rel}","templated":true}]}}