{"id":26983,"date":"2025-11-24T16:26:17","date_gmt":"2025-11-24T15:26:17","guid":{"rendered":"https:\/\/stampcurio.com\/product\/1911-etiopia-ajanlott-levelezolap-ausztriaba-kuldve\/"},"modified":"2025-12-05T04:04:39","modified_gmt":"2025-12-05T03:04:39","slug":"1911-etiopia-vadasz-tarsasagot-abrazolo-ajanlott-levelezolap-ausztriaba-kuldve-adeni-atmeno-belyegzessel","status":"publish","type":"product","link":"https:\/\/stampcurio.com\/hu\/termek\/1911-etiopia-vadasz-tarsasagot-abrazolo-ajanlott-levelezolap-ausztriaba-kuldve-adeni-atmeno-belyegzessel\/","title":{"rendered":"1911 Eti\u00f3pia &#8211; vad\u00e1sz t\u00e1rsas\u00e1got \u00e1br\u00e1zol\u00f3 aj\u00e1nlott levelez\u0151lap Ausztri\u00e1ba k\u00fcldve adeni \u00e1tmen\u0151 b\u00e9lyegz\u00e9ssel"},"content":{"rendered":"","protected":false},"excerpt":{"rendered":"","protected":false},"featured_media":27837,"template":"","meta":[],"product_brand":[],"product_cat":[1178,1670,1754],"product_tag":[1669,97,1041,89],"class_list":{"0":"post-26983","1":"product","2":"type-product","3":"status-publish","4":"has-post-thumbnail","6":"product_cat-ausztria","7":"product_cat-etiopia","8":"product_cat-jemen","9":"product_tag-3rd-auction","10":"product_tag-kepeslap","11":"product_tag-marcophily-hu","12":"product_tag-postatortenet","14":"first","15":"outofstock","16":"sold-individually","17":"shipping-taxable","18":"purchasable","19":"product-type-simple"},"_links":{"self":[{"href":"https:\/\/stampcurio.com\/hu\/wp-json\/wp\/v2\/product\/26983","targetHints":{"allow":["GET"]}}],"collection":[{"href":"https:\/\/stampcurio.com\/hu\/wp-json\/wp\/v2\/product"}],"about":[{"href":"https:\/\/stampcurio.com\/hu\/wp-json\/wp\/v2\/types\/product"}],"wp:featuredmedia":[{"embeddable":true,"href":"https:\/\/stampcurio.com\/hu\/wp-json\/wp\/v2\/media\/27837"}],"wp:attachment":[{"href":"https:\/\/stampcurio.com\/hu\/wp-json\/wp\/v2\/media?parent=26983"}],"wp:term":[{"taxonomy":"product_brand","embeddable":true,"href":"https:\/\/stampcurio.com\/hu\/wp-json\/wp\/v2\/product_brand?post=26983"},{"taxonomy":"product_cat","embeddable":true,"href":"https:\/\/stampcurio.com\/hu\/wp-json\/wp\/v2\/product_cat?post=26983"},{"taxonomy":"product_tag","embeddable":true,"href":"https:\/\/stampcurio.com\/hu\/wp-json\/wp\/v2\/product_tag?post=26983"}],"curies":[{"name":"wp","href":"https:\/\/api.w.org\/{rel}","templated":true}]}}