{"id":26981,"date":"2025-11-24T16:26:16","date_gmt":"2025-11-24T15:26:16","guid":{"rendered":"https:\/\/stampcurio.com\/product\/1979-eszak-korea-rozsak-north-korea-special-cat-1000-usd\/"},"modified":"2026-01-05T15:18:43","modified_gmt":"2026-01-05T14:18:43","slug":"1979-eszak-korea-rozsak-postatiszta-fogazott-es-vagott-ivszeles-belyegek-ksc-1-000-usd","status":"publish","type":"product","link":"https:\/\/stampcurio.com\/hu\/termek\/1979-eszak-korea-rozsak-postatiszta-fogazott-es-vagott-ivszeles-belyegek-ksc-1-000-usd\/","title":{"rendered":"1979 \u00c9szak-Korea &#8211; R\u00f3zs\u00e1k postatiszta ** fogazott \u00e9s v\u00e1gott \u00edvsz\u00e9les b\u00e9lyegek KSC: 1.000++ USD"},"content":{"rendered":"","protected":false},"excerpt":{"rendered":"<p>Az \u00edvsz\u00e9les v\u00e1gott b\u00e9lyegeket a katal\u00f3gus k\u00fcl\u00f6n fel\u00e1rral nem \u00e9rt\u00e9keli, ez\u00e9rt a katal\u00f3gus \u00e1r a sima b\u00e9lyegekkel van sz\u00e1molva.<\/p>\n","protected":false},"featured_media":32853,"template":"","meta":[],"product_brand":[],"product_cat":[1225],"product_tag":[1669,116,1006],"class_list":{"0":"post-26981","1":"product","2":"type-product","3":"status-publish","4":"has-post-thumbnail","6":"product_cat-eszak-korea","7":"product_tag-3rd-auction","8":"product_tag-belyeg","9":"product_tag-unsold","11":"first","12":"instock","13":"sold-individually","14":"shipping-taxable","15":"purchasable","16":"product-type-simple"},"_links":{"self":[{"href":"https:\/\/stampcurio.com\/hu\/wp-json\/wp\/v2\/product\/26981","targetHints":{"allow":["GET"]}}],"collection":[{"href":"https:\/\/stampcurio.com\/hu\/wp-json\/wp\/v2\/product"}],"about":[{"href":"https:\/\/stampcurio.com\/hu\/wp-json\/wp\/v2\/types\/product"}],"wp:featuredmedia":[{"embeddable":true,"href":"https:\/\/stampcurio.com\/hu\/wp-json\/wp\/v2\/media\/32853"}],"wp:attachment":[{"href":"https:\/\/stampcurio.com\/hu\/wp-json\/wp\/v2\/media?parent=26981"}],"wp:term":[{"taxonomy":"product_brand","embeddable":true,"href":"https:\/\/stampcurio.com\/hu\/wp-json\/wp\/v2\/product_brand?post=26981"},{"taxonomy":"product_cat","embeddable":true,"href":"https:\/\/stampcurio.com\/hu\/wp-json\/wp\/v2\/product_cat?post=26981"},{"taxonomy":"product_tag","embeddable":true,"href":"https:\/\/stampcurio.com\/hu\/wp-json\/wp\/v2\/product_tag?post=26981"}],"curies":[{"name":"wp","href":"https:\/\/api.w.org\/{rel}","templated":true}]}}