{"id":26980,"date":"2025-11-24T16:26:16","date_gmt":"2025-11-24T15:26:16","guid":{"rendered":"https:\/\/stampcurio.com\/product\/1858-amerikai-egyesult-allamok-korai-level-nemetorszagba-kuldve-new-york-sachsen\/"},"modified":"2026-01-05T15:18:43","modified_gmt":"2026-01-05T14:18:43","slug":"1858-amerikai-egyesult-allamok-korai-portos-level-new-yorkbol-nemetorszagba-sachsen-kuldve","status":"publish","type":"product","link":"https:\/\/stampcurio.com\/hu\/termek\/1858-amerikai-egyesult-allamok-korai-portos-level-new-yorkbol-nemetorszagba-sachsen-kuldve\/","title":{"rendered":"1858 Amerikai Egyes\u00fclt \u00c1llamok &#8211; korai port\u00f3s lev\u00e9l New Yorkb\u00f3l N\u00e9metorsz\u00e1gba (Sachsen) k\u00fcldve"},"content":{"rendered":"","protected":false},"excerpt":{"rendered":"","protected":false},"featured_media":27840,"template":"","meta":[],"product_brand":[],"product_cat":[1204,1175],"product_tag":[1669,108,89,1006],"class_list":{"0":"post-26980","1":"product","2":"type-product","3":"status-publish","4":"has-post-thumbnail","6":"product_cat-amerikai-egyesult-allamok","7":"product_cat-nemetorszag","8":"product_tag-3rd-auction","9":"product_tag-porto","10":"product_tag-postatortenet","11":"product_tag-unsold","13":"first","14":"instock","15":"sold-individually","16":"shipping-taxable","17":"purchasable","18":"product-type-simple"},"_links":{"self":[{"href":"https:\/\/stampcurio.com\/hu\/wp-json\/wp\/v2\/product\/26980","targetHints":{"allow":["GET"]}}],"collection":[{"href":"https:\/\/stampcurio.com\/hu\/wp-json\/wp\/v2\/product"}],"about":[{"href":"https:\/\/stampcurio.com\/hu\/wp-json\/wp\/v2\/types\/product"}],"wp:featuredmedia":[{"embeddable":true,"href":"https:\/\/stampcurio.com\/hu\/wp-json\/wp\/v2\/media\/27840"}],"wp:attachment":[{"href":"https:\/\/stampcurio.com\/hu\/wp-json\/wp\/v2\/media?parent=26980"}],"wp:term":[{"taxonomy":"product_brand","embeddable":true,"href":"https:\/\/stampcurio.com\/hu\/wp-json\/wp\/v2\/product_brand?post=26980"},{"taxonomy":"product_cat","embeddable":true,"href":"https:\/\/stampcurio.com\/hu\/wp-json\/wp\/v2\/product_cat?post=26980"},{"taxonomy":"product_tag","embeddable":true,"href":"https:\/\/stampcurio.com\/hu\/wp-json\/wp\/v2\/product_tag?post=26980"}],"curies":[{"name":"wp","href":"https:\/\/api.w.org\/{rel}","templated":true}]}}