{"id":26979,"date":"2025-11-24T16:26:15","date_gmt":"2025-11-24T15:26:15","guid":{"rendered":"https:\/\/stampcurio.com\/product\/1931-francia-egyenlitoi-afrika-2-db-level\/"},"modified":"2025-12-05T04:04:40","modified_gmt":"2025-12-05T03:04:40","slug":"1931-franciaorszag-francia-egyenlitoi-afrika-ket-magyarorszagra-kuldott-level-az-egyik-portozva-ritka-destinacio","status":"publish","type":"product","link":"https:\/\/stampcurio.com\/hu\/termek\/1931-franciaorszag-francia-egyenlitoi-afrika-ket-magyarorszagra-kuldott-level-az-egyik-portozva-ritka-destinacio\/","title":{"rendered":"1931 Franciaorsz\u00e1g &#8211; Francia-Egyenl\u00edt\u0151i Afrika &#8211; k\u00e9t Magyarorsz\u00e1gra k\u00fcld\u00f6tt lev\u00e9l az egyik port\u00f3zva &#8211; ritka destin\u00e1ci\u00f3"},"content":{"rendered":"","protected":false},"excerpt":{"rendered":"<p>A t\u00e9vnyomatos b\u00e9lyeg sarka hi\u00e1nyzik.<\/p>\n","protected":false},"featured_media":35541,"template":"","meta":[],"product_brand":[],"product_cat":[1181,1172],"product_tag":[1669,116,108,89,217],"class_list":{"0":"post-26979","1":"product","2":"type-product","3":"status-publish","4":"has-post-thumbnail","6":"product_cat-franciaorszag","7":"product_cat-magyarorszag","8":"product_tag-3rd-auction","9":"product_tag-belyeg","10":"product_tag-porto","11":"product_tag-postatortenet","12":"product_tag-tevnyomat","14":"first","15":"outofstock","16":"sold-individually","17":"shipping-taxable","18":"purchasable","19":"product-type-simple"},"_links":{"self":[{"href":"https:\/\/stampcurio.com\/hu\/wp-json\/wp\/v2\/product\/26979","targetHints":{"allow":["GET"]}}],"collection":[{"href":"https:\/\/stampcurio.com\/hu\/wp-json\/wp\/v2\/product"}],"about":[{"href":"https:\/\/stampcurio.com\/hu\/wp-json\/wp\/v2\/types\/product"}],"wp:featuredmedia":[{"embeddable":true,"href":"https:\/\/stampcurio.com\/hu\/wp-json\/wp\/v2\/media\/35541"}],"wp:attachment":[{"href":"https:\/\/stampcurio.com\/hu\/wp-json\/wp\/v2\/media?parent=26979"}],"wp:term":[{"taxonomy":"product_brand","embeddable":true,"href":"https:\/\/stampcurio.com\/hu\/wp-json\/wp\/v2\/product_brand?post=26979"},{"taxonomy":"product_cat","embeddable":true,"href":"https:\/\/stampcurio.com\/hu\/wp-json\/wp\/v2\/product_cat?post=26979"},{"taxonomy":"product_tag","embeddable":true,"href":"https:\/\/stampcurio.com\/hu\/wp-json\/wp\/v2\/product_tag?post=26979"}],"curies":[{"name":"wp","href":"https:\/\/api.w.org\/{rel}","templated":true}]}}