{"id":26349,"date":"2025-01-07T13:44:08","date_gmt":"2025-01-07T12:44:08","guid":{"rendered":"https:\/\/stampcurio.com\/?post_type=product&#038;p=26349"},"modified":"2026-01-06T11:23:31","modified_gmt":"2026-01-06T10:23:31","slug":"szallitasi-koltseg-5","status":"publish","type":"product","link":"https:\/\/stampcurio.com\/hu\/termek\/szallitasi-koltseg-5\/","title":{"rendered":"Sz\u00e1ll\u00edt\u00e1si k\u00f6lts\u00e9g HU &#8211; k\u00fcl\u00f6nb\u00f6zet szerinti szab\u00e1lyoz\u00e1s: gy\u0171jtem\u00e9nydarabok \u00e9s r\u00e9gis\u00e9gek"},"content":{"rendered":"","protected":false},"excerpt":{"rendered":"","protected":false},"featured_media":0,"template":"","meta":[],"product_brand":[],"product_cat":[39],"product_tag":[],"class_list":{"0":"post-26349","1":"product","2":"type-product","3":"status-publish","5":"product_cat-uncategorized-hu","7":"first","8":"instock","9":"sold-individually","10":"shipping-taxable","11":"product-type-simple"},"_links":{"self":[{"href":"https:\/\/stampcurio.com\/hu\/wp-json\/wp\/v2\/product\/26349","targetHints":{"allow":["GET"]}}],"collection":[{"href":"https:\/\/stampcurio.com\/hu\/wp-json\/wp\/v2\/product"}],"about":[{"href":"https:\/\/stampcurio.com\/hu\/wp-json\/wp\/v2\/types\/product"}],"wp:attachment":[{"href":"https:\/\/stampcurio.com\/hu\/wp-json\/wp\/v2\/media?parent=26349"}],"wp:term":[{"taxonomy":"product_brand","embeddable":true,"href":"https:\/\/stampcurio.com\/hu\/wp-json\/wp\/v2\/product_brand?post=26349"},{"taxonomy":"product_cat","embeddable":true,"href":"https:\/\/stampcurio.com\/hu\/wp-json\/wp\/v2\/product_cat?post=26349"},{"taxonomy":"product_tag","embeddable":true,"href":"https:\/\/stampcurio.com\/hu\/wp-json\/wp\/v2\/product_tag?post=26349"}],"curies":[{"name":"wp","href":"https:\/\/api.w.org\/{rel}","templated":true}]}}