{"id":24627,"date":"2024-12-12T22:53:33","date_gmt":"2024-12-12T21:53:33","guid":{"rendered":"https:\/\/stampcurio.com\/product\/sc-24-3864\/"},"modified":"2025-12-05T04:04:43","modified_gmt":"2025-12-05T03:04:43","slug":"1940-litvania-10c-es-20c-okmany-belyegek-iv-es-ivdarabokban-osszesen-125-belyeg","status":"publish","type":"product","link":"https:\/\/stampcurio.com\/hu\/termek\/1940-litvania-10c-es-20c-okmany-belyegek-iv-es-ivdarabokban-osszesen-125-belyeg\/","title":{"rendered":"1940 Litv\u00e1nia &#8211; 10c \u00e9s 20c okm\u00e1ny b\u00e9lyegek \u00edv \u00e9s \u00edvdarabokban \u00f6sszesen 125 b\u00e9lyeg"},"content":{"rendered":"","protected":false},"excerpt":{"rendered":"","protected":false},"featured_media":24625,"template":"","meta":[],"product_brand":[],"product_cat":[1272],"product_tag":[1664,282],"class_list":{"0":"post-24627","1":"product","2":"type-product","3":"status-publish","4":"has-post-thumbnail","6":"product_cat-litvania","7":"product_tag-2nd-auction-hu","8":"product_tag-okmanybelyeg","10":"first","11":"outofstock","12":"sold-individually","13":"shipping-taxable","14":"product-type-simple"},"_links":{"self":[{"href":"https:\/\/stampcurio.com\/hu\/wp-json\/wp\/v2\/product\/24627","targetHints":{"allow":["GET"]}}],"collection":[{"href":"https:\/\/stampcurio.com\/hu\/wp-json\/wp\/v2\/product"}],"about":[{"href":"https:\/\/stampcurio.com\/hu\/wp-json\/wp\/v2\/types\/product"}],"wp:featuredmedia":[{"embeddable":true,"href":"https:\/\/stampcurio.com\/hu\/wp-json\/wp\/v2\/media\/24625"}],"wp:attachment":[{"href":"https:\/\/stampcurio.com\/hu\/wp-json\/wp\/v2\/media?parent=24627"}],"wp:term":[{"taxonomy":"product_brand","embeddable":true,"href":"https:\/\/stampcurio.com\/hu\/wp-json\/wp\/v2\/product_brand?post=24627"},{"taxonomy":"product_cat","embeddable":true,"href":"https:\/\/stampcurio.com\/hu\/wp-json\/wp\/v2\/product_cat?post=24627"},{"taxonomy":"product_tag","embeddable":true,"href":"https:\/\/stampcurio.com\/hu\/wp-json\/wp\/v2\/product_tag?post=24627"}],"curies":[{"name":"wp","href":"https:\/\/api.w.org\/{rel}","templated":true}]}}