{"id":24621,"date":"2024-12-12T22:53:15","date_gmt":"2024-12-12T21:53:15","guid":{"rendered":"https:\/\/stampcurio.com\/product\/sc-24-3855\/"},"modified":"2025-12-05T04:04:43","modified_gmt":"2025-12-05T03:04:43","slug":"1914-magyarorszag-turul-arviz-5-korona-teljes-iv-probanyomat-karton-papiron-rendkivuli-darab","status":"publish","type":"product","link":"https:\/\/stampcurio.com\/hu\/termek\/1914-magyarorszag-turul-arviz-5-korona-teljes-iv-probanyomat-karton-papiron-rendkivuli-darab\/","title":{"rendered":"1914 Magyarorsz\u00e1g &#8211; turul \u00e1rv\u00edz 5 Korona teljes \u00edv pr\u00f3banyomat karton pap\u00edron &#8211; rendk\u00edv\u00fcli darab!"},"content":{"rendered":"","protected":false},"excerpt":{"rendered":"","protected":false},"featured_media":24619,"template":"","meta":[],"product_brand":[],"product_cat":[1172],"product_tag":[1664,116,176,390],"class_list":{"0":"post-24621","1":"product","2":"type-product","3":"status-publish","4":"has-post-thumbnail","6":"product_cat-magyarorszag","7":"product_tag-2nd-auction-hu","8":"product_tag-belyeg","9":"product_tag-philagem","10":"product_tag-probanyomat","12":"first","13":"outofstock","14":"sold-individually","15":"shipping-taxable","16":"product-type-simple"},"_links":{"self":[{"href":"https:\/\/stampcurio.com\/hu\/wp-json\/wp\/v2\/product\/24621","targetHints":{"allow":["GET"]}}],"collection":[{"href":"https:\/\/stampcurio.com\/hu\/wp-json\/wp\/v2\/product"}],"about":[{"href":"https:\/\/stampcurio.com\/hu\/wp-json\/wp\/v2\/types\/product"}],"wp:featuredmedia":[{"embeddable":true,"href":"https:\/\/stampcurio.com\/hu\/wp-json\/wp\/v2\/media\/24619"}],"wp:attachment":[{"href":"https:\/\/stampcurio.com\/hu\/wp-json\/wp\/v2\/media?parent=24621"}],"wp:term":[{"taxonomy":"product_brand","embeddable":true,"href":"https:\/\/stampcurio.com\/hu\/wp-json\/wp\/v2\/product_brand?post=24621"},{"taxonomy":"product_cat","embeddable":true,"href":"https:\/\/stampcurio.com\/hu\/wp-json\/wp\/v2\/product_cat?post=24621"},{"taxonomy":"product_tag","embeddable":true,"href":"https:\/\/stampcurio.com\/hu\/wp-json\/wp\/v2\/product_tag?post=24621"}],"curies":[{"name":"wp","href":"https:\/\/api.w.org\/{rel}","templated":true}]}}