{"id":24305,"date":"2024-12-12T18:29:36","date_gmt":"2024-12-12T17:29:36","guid":{"rendered":"https:\/\/stampcurio.com\/?post_type=product&#038;p=24305"},"modified":"2026-01-05T15:18:44","modified_gmt":"2026-01-05T14:18:44","slug":"1930-magyarorszag-tho-ma-hasznalatlan-hirdetmenyes-zart-dijjegyes-levelezolap-phu-500-eur","status":"publish","type":"product","link":"https:\/\/stampcurio.com\/hu\/termek\/1930-magyarorszag-tho-ma-hasznalatlan-hirdetmenyes-zart-dijjegyes-levelezolap-phu-500-eur\/","title":{"rendered":"1930 Magyarorsz\u00e1g &#8211; THO-MA haszn\u00e1latlan hirdetm\u00e9nyes z\u00e1rt d\u00edjjegyes levelez\u0151lap | PHu: 500 EUR"},"content":{"rendered":"","protected":false},"excerpt":{"rendered":"<p>A d\u00edjjegyes als\u00f3 r\u00e9sze nem hi\u00e1nyos, hanem \u00edgy k\u00e9sz\u00edtett\u00e9k, az als\u00f3 enyvezett \u00edvsz\u00e9l visszahajt\u00e1s\u00e1val lehetett lez\u00e1rni a levelez\u0151lapot.<\/p>\n","protected":false},"featured_media":11970,"template":"","meta":[],"product_brand":[],"product_cat":[1172],"product_tag":[1669,74,176,75,1006],"class_list":{"0":"post-24305","1":"product","2":"type-product","3":"status-publish","4":"has-post-thumbnail","6":"product_cat-magyarorszag","7":"product_tag-3rd-auction","8":"product_tag-dijjegyes","9":"product_tag-philagem","10":"product_tag-reklam","11":"product_tag-unsold","12":"pa_catalog_id-784","14":"first","15":"instock","16":"sold-individually","17":"shipping-taxable","18":"purchasable","19":"product-type-simple"},"_links":{"self":[{"href":"https:\/\/stampcurio.com\/hu\/wp-json\/wp\/v2\/product\/24305","targetHints":{"allow":["GET"]}}],"collection":[{"href":"https:\/\/stampcurio.com\/hu\/wp-json\/wp\/v2\/product"}],"about":[{"href":"https:\/\/stampcurio.com\/hu\/wp-json\/wp\/v2\/types\/product"}],"wp:featuredmedia":[{"embeddable":true,"href":"https:\/\/stampcurio.com\/hu\/wp-json\/wp\/v2\/media\/11970"}],"wp:attachment":[{"href":"https:\/\/stampcurio.com\/hu\/wp-json\/wp\/v2\/media?parent=24305"}],"wp:term":[{"taxonomy":"product_brand","embeddable":true,"href":"https:\/\/stampcurio.com\/hu\/wp-json\/wp\/v2\/product_brand?post=24305"},{"taxonomy":"product_cat","embeddable":true,"href":"https:\/\/stampcurio.com\/hu\/wp-json\/wp\/v2\/product_cat?post=24305"},{"taxonomy":"product_tag","embeddable":true,"href":"https:\/\/stampcurio.com\/hu\/wp-json\/wp\/v2\/product_tag?post=24305"}],"curies":[{"name":"wp","href":"https:\/\/api.w.org\/{rel}","templated":true}]}}