{"id":24118,"date":"2024-12-12T15:19:34","date_gmt":"2024-12-12T14:19:34","guid":{"rendered":"https:\/\/stampcurio.com\/product\/sc-24-3832\/"},"modified":"2025-12-05T04:04:44","modified_gmt":"2025-12-05T03:04:44","slug":"1900-magyarorszag-komplett-albumlap-a-parizsi-vilagkiallitasra-kiadott-diszalbumbol-a-82-oldal","status":"publish","type":"product","link":"https:\/\/stampcurio.com\/hu\/termek\/1900-magyarorszag-komplett-albumlap-a-parizsi-vilagkiallitasra-kiadott-diszalbumbol-a-82-oldal\/","title":{"rendered":"1900 Magyarorsz\u00e1g &#8211; komplett albumlap (!) a p\u00e1rizsi vil\u00e1gki\u00e1ll\u00edt\u00e1sra kiadott d\u00edszalbumb\u00f3l a 82. oldal!"},"content":{"rendered":"","protected":false},"excerpt":{"rendered":"<p>A lap 66 cm magas ez\u00e9rt szem\u00e9lyes \u00e1tv\u00e9tel javasolt, post\u00e1z\u00e1s eset\u00e9n jelent\u0151s fel\u00e1rral kell sz\u00e1molni!<\/p>\n","protected":false},"featured_media":24116,"template":"","meta":[],"product_brand":[],"product_cat":[1172],"product_tag":[1664,74,176,390,1006],"class_list":{"0":"post-24118","1":"product","2":"type-product","3":"status-publish","4":"has-post-thumbnail","6":"product_cat-magyarorszag","7":"product_tag-2nd-auction-hu","8":"product_tag-dijjegyes","9":"product_tag-philagem","10":"product_tag-probanyomat","11":"product_tag-unsold","13":"first","14":"outofstock","15":"sold-individually","16":"shipping-taxable","17":"product-type-simple"},"_links":{"self":[{"href":"https:\/\/stampcurio.com\/hu\/wp-json\/wp\/v2\/product\/24118","targetHints":{"allow":["GET"]}}],"collection":[{"href":"https:\/\/stampcurio.com\/hu\/wp-json\/wp\/v2\/product"}],"about":[{"href":"https:\/\/stampcurio.com\/hu\/wp-json\/wp\/v2\/types\/product"}],"wp:featuredmedia":[{"embeddable":true,"href":"https:\/\/stampcurio.com\/hu\/wp-json\/wp\/v2\/media\/24116"}],"wp:attachment":[{"href":"https:\/\/stampcurio.com\/hu\/wp-json\/wp\/v2\/media?parent=24118"}],"wp:term":[{"taxonomy":"product_brand","embeddable":true,"href":"https:\/\/stampcurio.com\/hu\/wp-json\/wp\/v2\/product_brand?post=24118"},{"taxonomy":"product_cat","embeddable":true,"href":"https:\/\/stampcurio.com\/hu\/wp-json\/wp\/v2\/product_cat?post=24118"},{"taxonomy":"product_tag","embeddable":true,"href":"https:\/\/stampcurio.com\/hu\/wp-json\/wp\/v2\/product_tag?post=24118"}],"curies":[{"name":"wp","href":"https:\/\/api.w.org\/{rel}","templated":true}]}}