{"id":24100,"date":"2024-12-12T15:06:23","date_gmt":"2024-12-12T14:06:23","guid":{"rendered":"https:\/\/stampcurio.com\/product\/sc-24-3986\/"},"modified":"2025-12-05T04:04:45","modified_gmt":"2025-12-05T03:04:45","slug":"1920-debrecen-a-i-es-a-ii-kiadas-belyegei-vegyes-bermentesitesben-helyi-levelen-a-45f-2f-belyeg-elcsuszott-felulnyomassal-attest-bodor","status":"publish","type":"product","link":"https:\/\/stampcurio.com\/hu\/termek\/1920-debrecen-a-i-es-a-ii-kiadas-belyegei-vegyes-bermentesitesben-helyi-levelen-a-45f-2f-belyeg-elcsuszott-felulnyomassal-attest-bodor\/","title":{"rendered":"1920 Debrecen &#8211; a I. \u00e9s a II. kiad\u00e1s b\u00e9lyegei vegyes b\u00e9rmentes\u00edt\u00e9sben helyi lev\u00e9len &#8211; a 45f\/2f b\u00e9lyeg elcs\u00faszott fel\u00fclnyom\u00e1ssal &#8211; Attest: Bodor"},"content":{"rendered":"","protected":false},"excerpt":{"rendered":"","protected":false},"featured_media":24098,"template":"","meta":[],"product_brand":[],"product_cat":[1172,1208],"product_tag":[1664,116,89,217],"class_list":{"0":"post-24100","1":"product","2":"type-product","3":"status-publish","4":"has-post-thumbnail","6":"product_cat-magyarorszag","7":"product_cat-romania","8":"product_tag-2nd-auction-hu","9":"product_tag-belyeg","10":"product_tag-postatortenet","11":"product_tag-tevnyomat","13":"first","14":"outofstock","15":"sold-individually","16":"shipping-taxable","17":"product-type-simple"},"_links":{"self":[{"href":"https:\/\/stampcurio.com\/hu\/wp-json\/wp\/v2\/product\/24100","targetHints":{"allow":["GET"]}}],"collection":[{"href":"https:\/\/stampcurio.com\/hu\/wp-json\/wp\/v2\/product"}],"about":[{"href":"https:\/\/stampcurio.com\/hu\/wp-json\/wp\/v2\/types\/product"}],"wp:featuredmedia":[{"embeddable":true,"href":"https:\/\/stampcurio.com\/hu\/wp-json\/wp\/v2\/media\/24098"}],"wp:attachment":[{"href":"https:\/\/stampcurio.com\/hu\/wp-json\/wp\/v2\/media?parent=24100"}],"wp:term":[{"taxonomy":"product_brand","embeddable":true,"href":"https:\/\/stampcurio.com\/hu\/wp-json\/wp\/v2\/product_brand?post=24100"},{"taxonomy":"product_cat","embeddable":true,"href":"https:\/\/stampcurio.com\/hu\/wp-json\/wp\/v2\/product_cat?post=24100"},{"taxonomy":"product_tag","embeddable":true,"href":"https:\/\/stampcurio.com\/hu\/wp-json\/wp\/v2\/product_tag?post=24100"}],"curies":[{"name":"wp","href":"https:\/\/api.w.org\/{rel}","templated":true}]}}