{"id":24076,"date":"2024-12-12T15:04:53","date_gmt":"2024-12-12T14:04:53","guid":{"rendered":"https:\/\/stampcurio.com\/product\/sc-24-3863\/"},"modified":"2025-12-05T04:04:45","modified_gmt":"2025-12-05T03:04:45","slug":"1919-shs-a-lanctoro-kiadas-belyegei-kulonlegessegekkel-vagott-felezett-tenyomatos-elfogazott-stb","status":"publish","type":"product","link":"https:\/\/stampcurio.com\/hu\/termek\/1919-shs-a-lanctoro-kiadas-belyegei-kulonlegessegekkel-vagott-felezett-tenyomatos-elfogazott-stb\/","title":{"rendered":"1919 SHS &#8211; a l\u00e1nct\u00f6r\u00f6 kiad\u00e1s b\u00e9lyegei k\u00fcl\u00f6nlegess\u00e9gekkel \/ v\u00e1gott, felezett, t\u00e9nyomatos, elfogazott stb."},"content":{"rendered":"","protected":false},"excerpt":{"rendered":"","protected":false},"featured_media":24074,"template":"","meta":[],"product_brand":[],"product_cat":[1222,1192,1245,1236],"product_tag":[1664,116,89,217],"class_list":{"0":"post-24076","1":"product","2":"type-product","3":"status-publish","4":"has-post-thumbnail","6":"product_cat-bosznia-hercegovina","7":"product_cat-horvatorszag","8":"product_cat-szerbia","9":"product_cat-szlovenia","10":"product_tag-2nd-auction-hu","11":"product_tag-belyeg","12":"product_tag-postatortenet","13":"product_tag-tevnyomat","15":"first","16":"outofstock","17":"sold-individually","18":"shipping-taxable","19":"product-type-simple"},"_links":{"self":[{"href":"https:\/\/stampcurio.com\/hu\/wp-json\/wp\/v2\/product\/24076","targetHints":{"allow":["GET"]}}],"collection":[{"href":"https:\/\/stampcurio.com\/hu\/wp-json\/wp\/v2\/product"}],"about":[{"href":"https:\/\/stampcurio.com\/hu\/wp-json\/wp\/v2\/types\/product"}],"wp:featuredmedia":[{"embeddable":true,"href":"https:\/\/stampcurio.com\/hu\/wp-json\/wp\/v2\/media\/24074"}],"wp:attachment":[{"href":"https:\/\/stampcurio.com\/hu\/wp-json\/wp\/v2\/media?parent=24076"}],"wp:term":[{"taxonomy":"product_brand","embeddable":true,"href":"https:\/\/stampcurio.com\/hu\/wp-json\/wp\/v2\/product_brand?post=24076"},{"taxonomy":"product_cat","embeddable":true,"href":"https:\/\/stampcurio.com\/hu\/wp-json\/wp\/v2\/product_cat?post=24076"},{"taxonomy":"product_tag","embeddable":true,"href":"https:\/\/stampcurio.com\/hu\/wp-json\/wp\/v2\/product_tag?post=24076"}],"curies":[{"name":"wp","href":"https:\/\/api.w.org\/{rel}","templated":true}]}}