{"id":24067,"date":"2024-12-12T15:04:21","date_gmt":"2024-12-12T14:04:21","guid":{"rendered":"https:\/\/stampcurio.com\/product\/sc-24-3849\/"},"modified":"2025-12-05T04:04:45","modified_gmt":"2025-12-05T03:04:45","slug":"1921-nyugat-magyarorszag-ii-a-halalfejes-teljes-sorozat-ajanlott-boritek-elolapon-attest-bodor","status":"publish","type":"product","link":"https:\/\/stampcurio.com\/hu\/termek\/1921-nyugat-magyarorszag-ii-a-halalfejes-teljes-sorozat-ajanlott-boritek-elolapon-attest-bodor\/","title":{"rendered":"1921 Nyugat-Magyarorsz\u00e1g II. \/ a &#8220;hal\u00e1lfejes&#8221; teljes sorozat aj\u00e1nlott bor\u00edt\u00e9k el\u0151lapon \/ Attest: Bodor"},"content":{"rendered":"","protected":false},"excerpt":{"rendered":"","protected":false},"featured_media":24065,"template":"","meta":[],"product_brand":[],"product_cat":[1178,1172],"product_tag":[1664,116,89],"class_list":{"0":"post-24067","1":"product","2":"type-product","3":"status-publish","4":"has-post-thumbnail","6":"product_cat-ausztria","7":"product_cat-magyarorszag","8":"product_tag-2nd-auction-hu","9":"product_tag-belyeg","10":"product_tag-postatortenet","12":"first","13":"outofstock","14":"sold-individually","15":"shipping-taxable","16":"product-type-simple"},"_links":{"self":[{"href":"https:\/\/stampcurio.com\/hu\/wp-json\/wp\/v2\/product\/24067","targetHints":{"allow":["GET"]}}],"collection":[{"href":"https:\/\/stampcurio.com\/hu\/wp-json\/wp\/v2\/product"}],"about":[{"href":"https:\/\/stampcurio.com\/hu\/wp-json\/wp\/v2\/types\/product"}],"wp:featuredmedia":[{"embeddable":true,"href":"https:\/\/stampcurio.com\/hu\/wp-json\/wp\/v2\/media\/24065"}],"wp:attachment":[{"href":"https:\/\/stampcurio.com\/hu\/wp-json\/wp\/v2\/media?parent=24067"}],"wp:term":[{"taxonomy":"product_brand","embeddable":true,"href":"https:\/\/stampcurio.com\/hu\/wp-json\/wp\/v2\/product_brand?post=24067"},{"taxonomy":"product_cat","embeddable":true,"href":"https:\/\/stampcurio.com\/hu\/wp-json\/wp\/v2\/product_cat?post=24067"},{"taxonomy":"product_tag","embeddable":true,"href":"https:\/\/stampcurio.com\/hu\/wp-json\/wp\/v2\/product_tag?post=24067"}],"curies":[{"name":"wp","href":"https:\/\/api.w.org\/{rel}","templated":true}]}}