{"id":24060,"date":"2024-12-12T15:03:56","date_gmt":"2024-12-12T14:03:56","guid":{"rendered":"https:\/\/stampcurio.com\/product\/sc-24-3848\/"},"modified":"2025-12-05T04:04:45","modified_gmt":"2025-12-05T03:04:45","slug":"1920-kolozsvar-50b-felulnyomott-belyeg-besztercebol-argentinaba-kuldott-rendkivul-viseletes-boritekon-a-ket-ismert-argentin-boritek-kozul-meg-igy-is-ez-a-szebb-rendikvul-ritka-destinacio-pruf","status":"publish","type":"product","link":"https:\/\/stampcurio.com\/hu\/termek\/1920-kolozsvar-50b-felulnyomott-belyeg-besztercebol-argentinaba-kuldott-rendkivul-viseletes-boritekon-a-ket-ismert-argentin-boritek-kozul-meg-igy-is-ez-a-szebb-rendikvul-ritka-destinacio-pruf\/","title":{"rendered":"1920 Kolozsv\u00e1r &#8211; 50B fel\u00fclnyomott b\u00e9lyeg Beszterc\u00e9b\u0151l Argent\u00edn\u00e1ba k\u00fcld\u00f6tt rendk\u00edv\u00fcl viseletes bor\u00edt\u00e9kon &#8211; a k\u00e9t ismert Argent\u00edn bor\u00edt\u00e9k k\u00f6z\u00fcl m\u00e9g \u00edgy is ez a szebb! &#8211; rend\u00edkv\u00fcl ritka destin\u00e1ci\u00f3 \/ Pr\u00fcf: Bodor"},"content":{"rendered":"","protected":false},"excerpt":{"rendered":"","protected":false},"featured_media":24058,"template":"","meta":[],"product_brand":[],"product_cat":[1229,1172,1208],"product_tag":[1664,116,176,89],"class_list":{"0":"post-24060","1":"product","2":"type-product","3":"status-publish","4":"has-post-thumbnail","6":"product_cat-argentina","7":"product_cat-magyarorszag","8":"product_cat-romania","9":"product_tag-2nd-auction-hu","10":"product_tag-belyeg","11":"product_tag-philagem","12":"product_tag-postatortenet","14":"first","15":"outofstock","16":"sold-individually","17":"shipping-taxable","18":"product-type-simple"},"_links":{"self":[{"href":"https:\/\/stampcurio.com\/hu\/wp-json\/wp\/v2\/product\/24060","targetHints":{"allow":["GET"]}}],"collection":[{"href":"https:\/\/stampcurio.com\/hu\/wp-json\/wp\/v2\/product"}],"about":[{"href":"https:\/\/stampcurio.com\/hu\/wp-json\/wp\/v2\/types\/product"}],"wp:featuredmedia":[{"embeddable":true,"href":"https:\/\/stampcurio.com\/hu\/wp-json\/wp\/v2\/media\/24058"}],"wp:attachment":[{"href":"https:\/\/stampcurio.com\/hu\/wp-json\/wp\/v2\/media?parent=24060"}],"wp:term":[{"taxonomy":"product_brand","embeddable":true,"href":"https:\/\/stampcurio.com\/hu\/wp-json\/wp\/v2\/product_brand?post=24060"},{"taxonomy":"product_cat","embeddable":true,"href":"https:\/\/stampcurio.com\/hu\/wp-json\/wp\/v2\/product_cat?post=24060"},{"taxonomy":"product_tag","embeddable":true,"href":"https:\/\/stampcurio.com\/hu\/wp-json\/wp\/v2\/product_tag?post=24060"}],"curies":[{"name":"wp","href":"https:\/\/api.w.org\/{rel}","templated":true}]}}