{"id":24037,"date":"2024-12-12T15:02:27","date_gmt":"2024-12-12T14:02:27","guid":{"rendered":"https:\/\/stampcurio.com\/product\/sc-24-3847\/"},"modified":"2025-12-05T04:04:46","modified_gmt":"2025-12-05T03:04:46","slug":"1900-magyarorszag-az-ungaro-croata-hajozasi-tarsasag-hajoi-kepeslapon-mind-mas-ritkan-lathato-gyujtemeny","status":"publish","type":"product","link":"https:\/\/stampcurio.com\/hu\/termek\/1900-magyarorszag-az-ungaro-croata-hajozasi-tarsasag-hajoi-kepeslapon-mind-mas-ritkan-lathato-gyujtemeny\/","title":{"rendered":"1900 Magyarorsz\u00e1g &#8211; az Ungaro-Croata haj\u00f3z\u00e1si t\u00e1rsas\u00e1g haj\u00f3i k\u00e9peslapon &#8211; mind m\u00e1s &#8211; ritk\u00e1n l\u00e1that\u00f3 gy\u0171jtem\u00e9ny"},"content":{"rendered":"","protected":false},"excerpt":{"rendered":"","protected":false},"featured_media":24035,"template":"","meta":[],"product_brand":[],"product_cat":[1178,1275,1192,1172],"product_tag":[1664,1316,97,176,89],"class_list":{"0":"post-24037","1":"product","2":"type-product","3":"status-publish","4":"has-post-thumbnail","6":"product_cat-ausztria","7":"product_cat-fiume","8":"product_cat-horvatorszag","9":"product_cat-magyarorszag","10":"product_tag-2nd-auction-hu","11":"product_tag-hajoposta","12":"product_tag-kepeslap","13":"product_tag-philagem","14":"product_tag-postatortenet","16":"first","17":"outofstock","18":"sold-individually","19":"shipping-taxable","20":"product-type-simple"},"_links":{"self":[{"href":"https:\/\/stampcurio.com\/hu\/wp-json\/wp\/v2\/product\/24037","targetHints":{"allow":["GET"]}}],"collection":[{"href":"https:\/\/stampcurio.com\/hu\/wp-json\/wp\/v2\/product"}],"about":[{"href":"https:\/\/stampcurio.com\/hu\/wp-json\/wp\/v2\/types\/product"}],"wp:featuredmedia":[{"embeddable":true,"href":"https:\/\/stampcurio.com\/hu\/wp-json\/wp\/v2\/media\/24035"}],"wp:attachment":[{"href":"https:\/\/stampcurio.com\/hu\/wp-json\/wp\/v2\/media?parent=24037"}],"wp:term":[{"taxonomy":"product_brand","embeddable":true,"href":"https:\/\/stampcurio.com\/hu\/wp-json\/wp\/v2\/product_brand?post=24037"},{"taxonomy":"product_cat","embeddable":true,"href":"https:\/\/stampcurio.com\/hu\/wp-json\/wp\/v2\/product_cat?post=24037"},{"taxonomy":"product_tag","embeddable":true,"href":"https:\/\/stampcurio.com\/hu\/wp-json\/wp\/v2\/product_tag?post=24037"}],"curies":[{"name":"wp","href":"https:\/\/api.w.org\/{rel}","templated":true}]}}