{"id":24032,"date":"2024-12-12T15:02:11","date_gmt":"2024-12-12T14:02:11","guid":{"rendered":"https:\/\/stampcurio.com\/product\/sc-24-3845\/"},"modified":"2025-12-05T04:04:46","modified_gmt":"2025-12-05T03:04:46","slug":"1945-magyarorszag-miskolc-varos-insegbelyege-eredeti-belyegfuzet-a-100-belyegbol-meg-28-a-fuzetben-van-rendkivuli-okmanybelyeg-ritkasag","status":"publish","type":"product","link":"https:\/\/stampcurio.com\/hu\/termek\/1945-magyarorszag-miskolc-varos-insegbelyege-eredeti-belyegfuzet-a-100-belyegbol-meg-28-a-fuzetben-van-rendkivuli-okmanybelyeg-ritkasag\/","title":{"rendered":"1945 Magyarorsz\u00e1g &#8211; Miskolc v\u00e1ros \u00edns\u00e9gb\u00e9lyege eredeti b\u00e9lyegf\u00fczet (!) a 100 b\u00e9lyegb\u0151l m\u00e9g 28 a f\u00fczetben van &#8211; rendk\u00edv\u00fcli okm\u00e1nyb\u00e9lyeg ritkas\u00e1g"},"content":{"rendered":"","protected":false},"excerpt":{"rendered":"","protected":false},"featured_media":24030,"template":"","meta":[],"product_brand":[],"product_cat":[1172],"product_tag":[279,1664,282,176,1006],"class_list":{"0":"post-24032","1":"product","2":"type-product","3":"status-publish","4":"has-post-thumbnail","6":"product_cat-magyarorszag","7":"product_tag-1944-45","8":"product_tag-2nd-auction-hu","9":"product_tag-okmanybelyeg","10":"product_tag-philagem","11":"product_tag-unsold","13":"first","14":"outofstock","15":"sold-individually","16":"shipping-taxable","17":"product-type-simple"},"_links":{"self":[{"href":"https:\/\/stampcurio.com\/hu\/wp-json\/wp\/v2\/product\/24032","targetHints":{"allow":["GET"]}}],"collection":[{"href":"https:\/\/stampcurio.com\/hu\/wp-json\/wp\/v2\/product"}],"about":[{"href":"https:\/\/stampcurio.com\/hu\/wp-json\/wp\/v2\/types\/product"}],"wp:featuredmedia":[{"embeddable":true,"href":"https:\/\/stampcurio.com\/hu\/wp-json\/wp\/v2\/media\/24030"}],"wp:attachment":[{"href":"https:\/\/stampcurio.com\/hu\/wp-json\/wp\/v2\/media?parent=24032"}],"wp:term":[{"taxonomy":"product_brand","embeddable":true,"href":"https:\/\/stampcurio.com\/hu\/wp-json\/wp\/v2\/product_brand?post=24032"},{"taxonomy":"product_cat","embeddable":true,"href":"https:\/\/stampcurio.com\/hu\/wp-json\/wp\/v2\/product_cat?post=24032"},{"taxonomy":"product_tag","embeddable":true,"href":"https:\/\/stampcurio.com\/hu\/wp-json\/wp\/v2\/product_tag?post=24032"}],"curies":[{"name":"wp","href":"https:\/\/api.w.org\/{rel}","templated":true}]}}