{"id":24025,"date":"2024-12-12T15:01:48","date_gmt":"2024-12-12T14:01:48","guid":{"rendered":"https:\/\/stampcurio.com\/product\/sc-24-3840\/"},"modified":"2025-12-05T04:04:46","modified_gmt":"2025-12-05T03:04:46","slug":"1861-ausztria-1-tavolsagi-zonas-5-latos-level-szep-temesvar-b-h-palyaudvari-belyegzessel","status":"publish","type":"product","link":"https:\/\/stampcurio.com\/hu\/termek\/1861-ausztria-1-tavolsagi-zonas-5-latos-level-szep-temesvar-b-h-palyaudvari-belyegzessel\/","title":{"rendered":"1861 Ausztria &#8211; 1. t\u00e1vols\u00e1gi z\u00f3n\u00e1s 5 (!) latos lev\u00e9l sz\u00e9p TEMESV\u00c1R \/ B. H. p\u00e1lyaudvari b\u00e9lyegz\u00e9ssel"},"content":{"rendered":"","protected":false},"excerpt":{"rendered":"","protected":false},"featured_media":24023,"template":"","meta":[],"product_brand":[],"product_cat":[1178,1172,1208],"product_tag":[1664,116,1041,89,1631],"class_list":{"0":"post-24025","1":"product","2":"type-product","3":"status-publish","4":"has-post-thumbnail","6":"product_cat-ausztria","7":"product_cat-magyarorszag","8":"product_cat-romania","9":"product_tag-2nd-auction-hu","10":"product_tag-belyeg","11":"product_tag-marcophily-hu","12":"product_tag-postatortenet","13":"product_tag-pre-upu","15":"first","16":"outofstock","17":"sold-individually","18":"shipping-taxable","19":"product-type-simple"},"_links":{"self":[{"href":"https:\/\/stampcurio.com\/hu\/wp-json\/wp\/v2\/product\/24025","targetHints":{"allow":["GET"]}}],"collection":[{"href":"https:\/\/stampcurio.com\/hu\/wp-json\/wp\/v2\/product"}],"about":[{"href":"https:\/\/stampcurio.com\/hu\/wp-json\/wp\/v2\/types\/product"}],"wp:featuredmedia":[{"embeddable":true,"href":"https:\/\/stampcurio.com\/hu\/wp-json\/wp\/v2\/media\/24023"}],"wp:attachment":[{"href":"https:\/\/stampcurio.com\/hu\/wp-json\/wp\/v2\/media?parent=24025"}],"wp:term":[{"taxonomy":"product_brand","embeddable":true,"href":"https:\/\/stampcurio.com\/hu\/wp-json\/wp\/v2\/product_brand?post=24025"},{"taxonomy":"product_cat","embeddable":true,"href":"https:\/\/stampcurio.com\/hu\/wp-json\/wp\/v2\/product_cat?post=24025"},{"taxonomy":"product_tag","embeddable":true,"href":"https:\/\/stampcurio.com\/hu\/wp-json\/wp\/v2\/product_tag?post=24025"}],"curies":[{"name":"wp","href":"https:\/\/api.w.org\/{rel}","templated":true}]}}