{"id":24011,"date":"2024-12-12T15:00:58","date_gmt":"2024-12-12T14:00:58","guid":{"rendered":"https:\/\/stampcurio.com\/product\/sc-24-3833\/"},"modified":"2025-12-05T04:04:47","modified_gmt":"2025-12-05T03:04:47","slug":"1918-magyarorszag-szep-es-ritka-magyarcsesztve-postaugynokseg-belyegzes-dijjegyes-levelezolapon-pu-r","status":"publish","type":"product","link":"https:\/\/stampcurio.com\/hu\/termek\/1918-magyarorszag-szep-es-ritka-magyarcsesztve-postaugynokseg-belyegzes-dijjegyes-levelezolapon-pu-r\/","title":{"rendered":"1918 Magyarorsz\u00e1g &#8211; sz\u00e9p \u00e9s ritka MAGYARCSESZTVE posta\u00fcgyn\u00f6ks\u00e9g b\u00e9lyegz\u00e9s d\u00edjjegyes levelez\u0151lapon PU: R"},"content":{"rendered":"","protected":false},"excerpt":{"rendered":"","protected":false},"featured_media":24009,"template":"","meta":[],"product_brand":[],"product_cat":[1172,1208],"product_tag":[1664,74,1041,89,1006],"class_list":{"0":"post-24011","1":"product","2":"type-product","3":"status-publish","4":"has-post-thumbnail","6":"product_cat-magyarorszag","7":"product_cat-romania","8":"product_tag-2nd-auction-hu","9":"product_tag-dijjegyes","10":"product_tag-marcophily-hu","11":"product_tag-postatortenet","12":"product_tag-unsold","14":"first","15":"outofstock","16":"sold-individually","17":"shipping-taxable","18":"product-type-simple"},"_links":{"self":[{"href":"https:\/\/stampcurio.com\/hu\/wp-json\/wp\/v2\/product\/24011","targetHints":{"allow":["GET"]}}],"collection":[{"href":"https:\/\/stampcurio.com\/hu\/wp-json\/wp\/v2\/product"}],"about":[{"href":"https:\/\/stampcurio.com\/hu\/wp-json\/wp\/v2\/types\/product"}],"wp:featuredmedia":[{"embeddable":true,"href":"https:\/\/stampcurio.com\/hu\/wp-json\/wp\/v2\/media\/24009"}],"wp:attachment":[{"href":"https:\/\/stampcurio.com\/hu\/wp-json\/wp\/v2\/media?parent=24011"}],"wp:term":[{"taxonomy":"product_brand","embeddable":true,"href":"https:\/\/stampcurio.com\/hu\/wp-json\/wp\/v2\/product_brand?post=24011"},{"taxonomy":"product_cat","embeddable":true,"href":"https:\/\/stampcurio.com\/hu\/wp-json\/wp\/v2\/product_cat?post=24011"},{"taxonomy":"product_tag","embeddable":true,"href":"https:\/\/stampcurio.com\/hu\/wp-json\/wp\/v2\/product_tag?post=24011"}],"curies":[{"name":"wp","href":"https:\/\/api.w.org\/{rel}","templated":true}]}}