{"id":23956,"date":"2024-12-12T14:57:14","date_gmt":"2024-12-12T13:57:14","guid":{"rendered":"https:\/\/stampcurio.com\/product\/sc-24-3660\/"},"modified":"2025-12-05T04:04:47","modified_gmt":"2025-12-05T03:04:47","slug":"1971-eszak-korea-a-ritkabban-lathato-hat-eves-terv-postatiszta-sor-stampword-10-5-eur","status":"publish","type":"product","link":"https:\/\/stampcurio.com\/hu\/termek\/1971-eszak-korea-a-ritkabban-lathato-hat-eves-terv-postatiszta-sor-stampword-10-5-eur\/","title":{"rendered":"1971 \u00c9szak-Korea &#8211; a ritk\u00e1bban l\u00e1that\u00f3 hat \u00e9ves terv postatiszta sor &#8211; stampword: 10.5 EUR"},"content":{"rendered":"","protected":false},"excerpt":{"rendered":"","protected":false},"featured_media":23954,"template":"","meta":[],"product_brand":[],"product_cat":[1225],"product_tag":[1664,116],"class_list":{"0":"post-23956","1":"product","2":"type-product","3":"status-publish","4":"has-post-thumbnail","6":"product_cat-eszak-korea","7":"product_tag-2nd-auction-hu","8":"product_tag-belyeg","10":"first","11":"outofstock","12":"sold-individually","13":"shipping-taxable","14":"product-type-simple"},"_links":{"self":[{"href":"https:\/\/stampcurio.com\/hu\/wp-json\/wp\/v2\/product\/23956","targetHints":{"allow":["GET"]}}],"collection":[{"href":"https:\/\/stampcurio.com\/hu\/wp-json\/wp\/v2\/product"}],"about":[{"href":"https:\/\/stampcurio.com\/hu\/wp-json\/wp\/v2\/types\/product"}],"wp:featuredmedia":[{"embeddable":true,"href":"https:\/\/stampcurio.com\/hu\/wp-json\/wp\/v2\/media\/23954"}],"wp:attachment":[{"href":"https:\/\/stampcurio.com\/hu\/wp-json\/wp\/v2\/media?parent=23956"}],"wp:term":[{"taxonomy":"product_brand","embeddable":true,"href":"https:\/\/stampcurio.com\/hu\/wp-json\/wp\/v2\/product_brand?post=23956"},{"taxonomy":"product_cat","embeddable":true,"href":"https:\/\/stampcurio.com\/hu\/wp-json\/wp\/v2\/product_cat?post=23956"},{"taxonomy":"product_tag","embeddable":true,"href":"https:\/\/stampcurio.com\/hu\/wp-json\/wp\/v2\/product_tag?post=23956"}],"curies":[{"name":"wp","href":"https:\/\/api.w.org\/{rel}","templated":true}]}}