{"id":23722,"date":"2024-12-12T14:41:39","date_gmt":"2024-12-12T13:41:39","guid":{"rendered":"https:\/\/stampcurio.com\/product\/sc-24-3229\/"},"modified":"2025-12-05T04:04:49","modified_gmt":"2025-12-05T03:04:49","slug":"1879-bosnia-and-herzegovina-a-megszallas-korai-idoszaka-januar-9-junius-30-kozotti-ideiglenes-magyar-belyeghasznalat-phu-125-eur","status":"publish","type":"product","link":"https:\/\/stampcurio.com\/hu\/termek\/1879-bosnia-and-herzegovina-a-megszallas-korai-idoszaka-januar-9-junius-30-kozotti-ideiglenes-magyar-belyeghasznalat-phu-125-eur\/","title":{"rendered":"1879 Bosnia and Herzegovina &#8211; a megsz\u00e1ll\u00e1s korai id\u0151szaka \/ janu\u00e1r 9. &#8211; j\u00fanius 30. k\u00f6z\u00f6tti ideiglenes magyar b\u00e9lyeghaszn\u00e1lat PHu: 125 EUR"},"content":{"rendered":"","protected":false},"excerpt":{"rendered":"","protected":false},"featured_media":23720,"template":"","meta":[],"product_brand":[],"product_cat":[1178,1222,1172],"product_tag":[1664,116,1041,256,208,1006],"class_list":{"0":"post-23722","1":"product","2":"type-product","3":"status-publish","4":"has-post-thumbnail","6":"product_cat-ausztria","7":"product_cat-bosznia-hercegovina","8":"product_cat-magyarorszag","9":"product_tag-2nd-auction-hu","10":"product_tag-belyeg","11":"product_tag-marcophily-hu","12":"product_tag-provizorium","13":"product_tag-tabori-posta","14":"product_tag-unsold","16":"first","17":"outofstock","18":"sold-individually","19":"shipping-taxable","20":"product-type-simple"},"_links":{"self":[{"href":"https:\/\/stampcurio.com\/hu\/wp-json\/wp\/v2\/product\/23722","targetHints":{"allow":["GET"]}}],"collection":[{"href":"https:\/\/stampcurio.com\/hu\/wp-json\/wp\/v2\/product"}],"about":[{"href":"https:\/\/stampcurio.com\/hu\/wp-json\/wp\/v2\/types\/product"}],"wp:featuredmedia":[{"embeddable":true,"href":"https:\/\/stampcurio.com\/hu\/wp-json\/wp\/v2\/media\/23720"}],"wp:attachment":[{"href":"https:\/\/stampcurio.com\/hu\/wp-json\/wp\/v2\/media?parent=23722"}],"wp:term":[{"taxonomy":"product_brand","embeddable":true,"href":"https:\/\/stampcurio.com\/hu\/wp-json\/wp\/v2\/product_brand?post=23722"},{"taxonomy":"product_cat","embeddable":true,"href":"https:\/\/stampcurio.com\/hu\/wp-json\/wp\/v2\/product_cat?post=23722"},{"taxonomy":"product_tag","embeddable":true,"href":"https:\/\/stampcurio.com\/hu\/wp-json\/wp\/v2\/product_tag?post=23722"}],"curies":[{"name":"wp","href":"https:\/\/api.w.org\/{rel}","templated":true}]}}