{"id":23707,"date":"2024-12-12T14:40:42","date_gmt":"2024-12-12T13:40:42","guid":{"rendered":"https:\/\/stampcurio.com\/product\/sc-24-3215\/"},"modified":"2025-12-05T04:04:49","modified_gmt":"2025-12-05T03:04:49","slug":"1858-ausztria-nagyalaku-fekete-andraskereszt-nagyon-szep-minosegben-szinte-teljes-enyvezessel-attest-ferchenbauer","status":"publish","type":"product","link":"https:\/\/stampcurio.com\/hu\/termek\/1858-ausztria-nagyalaku-fekete-andraskereszt-nagyon-szep-minosegben-szinte-teljes-enyvezessel-attest-ferchenbauer\/","title":{"rendered":"1858 Ausztria &#8211; nagyalak\u00fa fekete andr\u00e1skereszt nagyon sz\u00e9p min\u0151s\u00e9gben szinte teljes enyvez\u00e9ssel &#8211; Attest: Ferchenbauer"},"content":{"rendered":"","protected":false},"excerpt":{"rendered":"","protected":false},"featured_media":23705,"template":"","meta":[],"product_brand":[],"product_cat":[1178],"product_tag":[1664,116,217],"class_list":{"0":"post-23707","1":"product","2":"type-product","3":"status-publish","4":"has-post-thumbnail","6":"product_cat-ausztria","7":"product_tag-2nd-auction-hu","8":"product_tag-belyeg","9":"product_tag-tevnyomat","11":"first","12":"outofstock","13":"sold-individually","14":"shipping-taxable","15":"product-type-simple"},"_links":{"self":[{"href":"https:\/\/stampcurio.com\/hu\/wp-json\/wp\/v2\/product\/23707","targetHints":{"allow":["GET"]}}],"collection":[{"href":"https:\/\/stampcurio.com\/hu\/wp-json\/wp\/v2\/product"}],"about":[{"href":"https:\/\/stampcurio.com\/hu\/wp-json\/wp\/v2\/types\/product"}],"wp:featuredmedia":[{"embeddable":true,"href":"https:\/\/stampcurio.com\/hu\/wp-json\/wp\/v2\/media\/23705"}],"wp:attachment":[{"href":"https:\/\/stampcurio.com\/hu\/wp-json\/wp\/v2\/media?parent=23707"}],"wp:term":[{"taxonomy":"product_brand","embeddable":true,"href":"https:\/\/stampcurio.com\/hu\/wp-json\/wp\/v2\/product_brand?post=23707"},{"taxonomy":"product_cat","embeddable":true,"href":"https:\/\/stampcurio.com\/hu\/wp-json\/wp\/v2\/product_cat?post=23707"},{"taxonomy":"product_tag","embeddable":true,"href":"https:\/\/stampcurio.com\/hu\/wp-json\/wp\/v2\/product_tag?post=23707"}],"curies":[{"name":"wp","href":"https:\/\/api.w.org\/{rel}","templated":true}]}}