{"id":23702,"date":"2024-12-12T14:40:25","date_gmt":"2024-12-12T13:40:25","guid":{"rendered":"https:\/\/stampcurio.com\/product\/sc-24-3196\/"},"modified":"2025-12-05T04:04:49","modified_gmt":"2025-12-05T03:04:49","slug":"1867-ausztria-a-kiadas-fogazatvariacio-reszletek-a-kepen-ferchenbauer-237-eur","status":"publish","type":"product","link":"https:\/\/stampcurio.com\/hu\/termek\/1867-ausztria-a-kiadas-fogazatvariacio-reszletek-a-kepen-ferchenbauer-237-eur\/","title":{"rendered":"1867 Ausztria &#8211; a kiad\u00e1s fogazatvari\u00e1ci\u00f3 &#8211; r\u00e9szletek a k\u00e9pen &#8211; Ferchenbauer 237 EUR"},"content":{"rendered":"","protected":false},"excerpt":{"rendered":"","protected":false},"featured_media":23700,"template":"","meta":[],"product_brand":[],"product_cat":[1178],"product_tag":[1664,116,217,1006],"class_list":{"0":"post-23702","1":"product","2":"type-product","3":"status-publish","4":"has-post-thumbnail","6":"product_cat-ausztria","7":"product_tag-2nd-auction-hu","8":"product_tag-belyeg","9":"product_tag-tevnyomat","10":"product_tag-unsold","12":"first","13":"outofstock","14":"sold-individually","15":"shipping-taxable","16":"product-type-simple"},"_links":{"self":[{"href":"https:\/\/stampcurio.com\/hu\/wp-json\/wp\/v2\/product\/23702","targetHints":{"allow":["GET"]}}],"collection":[{"href":"https:\/\/stampcurio.com\/hu\/wp-json\/wp\/v2\/product"}],"about":[{"href":"https:\/\/stampcurio.com\/hu\/wp-json\/wp\/v2\/types\/product"}],"wp:featuredmedia":[{"embeddable":true,"href":"https:\/\/stampcurio.com\/hu\/wp-json\/wp\/v2\/media\/23700"}],"wp:attachment":[{"href":"https:\/\/stampcurio.com\/hu\/wp-json\/wp\/v2\/media?parent=23702"}],"wp:term":[{"taxonomy":"product_brand","embeddable":true,"href":"https:\/\/stampcurio.com\/hu\/wp-json\/wp\/v2\/product_brand?post=23702"},{"taxonomy":"product_cat","embeddable":true,"href":"https:\/\/stampcurio.com\/hu\/wp-json\/wp\/v2\/product_cat?post=23702"},{"taxonomy":"product_tag","embeddable":true,"href":"https:\/\/stampcurio.com\/hu\/wp-json\/wp\/v2\/product_tag?post=23702"}],"curies":[{"name":"wp","href":"https:\/\/api.w.org\/{rel}","templated":true}]}}