{"id":23693,"date":"2024-12-12T14:39:49","date_gmt":"2024-12-12T13:39:49","guid":{"rendered":"https:\/\/stampcurio.com\/product\/sc-24-3192\/"},"modified":"2025-12-05T04:04:50","modified_gmt":"2025-12-05T03:04:50","slug":"1867-magyarorszag-szurke-reingrau-szinben-elvekonyodas-luxus-fiume-n-m-belyegzessel-ferchenbauer-550-eur","status":"publish","type":"product","link":"https:\/\/stampcurio.com\/hu\/termek\/1867-magyarorszag-szurke-reingrau-szinben-elvekonyodas-luxus-fiume-n-m-belyegzessel-ferchenbauer-550-eur\/","title":{"rendered":"1867 Magyarorsz\u00e1g &#8211; sz\u00fcrke (reingrau) sz\u00ednben &#8211; elv\u00e9konyod\u00e1s &#8211; luxus FIUME \/ N.M. b\u00e9lyegz\u00e9ssel \/ Ferchenbauer 550 EUR"},"content":{"rendered":"","protected":false},"excerpt":{"rendered":"","protected":false},"featured_media":23691,"template":"","meta":[],"product_brand":[],"product_cat":[1275,1192,1172],"product_tag":[1664,116,1041],"class_list":{"0":"post-23693","1":"product","2":"type-product","3":"status-publish","4":"has-post-thumbnail","6":"product_cat-fiume","7":"product_cat-horvatorszag","8":"product_cat-magyarorszag","9":"product_tag-2nd-auction-hu","10":"product_tag-belyeg","11":"product_tag-marcophily-hu","13":"first","14":"outofstock","15":"sold-individually","16":"shipping-taxable","17":"product-type-simple"},"_links":{"self":[{"href":"https:\/\/stampcurio.com\/hu\/wp-json\/wp\/v2\/product\/23693","targetHints":{"allow":["GET"]}}],"collection":[{"href":"https:\/\/stampcurio.com\/hu\/wp-json\/wp\/v2\/product"}],"about":[{"href":"https:\/\/stampcurio.com\/hu\/wp-json\/wp\/v2\/types\/product"}],"wp:featuredmedia":[{"embeddable":true,"href":"https:\/\/stampcurio.com\/hu\/wp-json\/wp\/v2\/media\/23691"}],"wp:attachment":[{"href":"https:\/\/stampcurio.com\/hu\/wp-json\/wp\/v2\/media?parent=23693"}],"wp:term":[{"taxonomy":"product_brand","embeddable":true,"href":"https:\/\/stampcurio.com\/hu\/wp-json\/wp\/v2\/product_brand?post=23693"},{"taxonomy":"product_cat","embeddable":true,"href":"https:\/\/stampcurio.com\/hu\/wp-json\/wp\/v2\/product_cat?post=23693"},{"taxonomy":"product_tag","embeddable":true,"href":"https:\/\/stampcurio.com\/hu\/wp-json\/wp\/v2\/product_tag?post=23693"}],"curies":[{"name":"wp","href":"https:\/\/api.w.org\/{rel}","templated":true}]}}