{"id":23675,"date":"2024-12-12T14:38:43","date_gmt":"2024-12-12T13:38:43","guid":{"rendered":"https:\/\/stampcurio.com\/product\/sc-24-3181\/"},"modified":"2025-12-05T04:04:50","modified_gmt":"2025-12-05T03:04:50","slug":"1867-magyarorszag-rozsabarna-50-kr-a-belyeg-kozepen-korabeli-tuszuras-nyoma-luxus-buda-lebelyegzes","status":"publish","type":"product","link":"https:\/\/stampcurio.com\/hu\/termek\/1867-magyarorszag-rozsabarna-50-kr-a-belyeg-kozepen-korabeli-tuszuras-nyoma-luxus-buda-lebelyegzes\/","title":{"rendered":"1867 Magyarorsz\u00e1g &#8211; r\u00f3zsabarna 50 kr &#8211; a b\u00e9lyeg k\u00f6zep\u00e9n korabeli t\u0171sz\u00far\u00e1s nyoma &#8211;  luxus BUDA leb\u00e9lyegz\u00e9s"},"content":{"rendered":"","protected":false},"excerpt":{"rendered":"<p>Egy kis \u00e9rdekess\u00e9g: A kezdeti id\u0151kben a b\u00e9lyegeket k\u00f6nyvkeresked\u0151k \u00e1rus\u00edtott\u00e1k, m\u00e9gpedig gombost\u0171vel felt\u0171zve fa t\u00e1bl\u00e1kra&#8230;. ez\u00e9rt tal\u00e1lhat\u00f3 az \u00f6reg b\u00e9lyegek k\u00f6zep\u00e9n sokszor t\u0171sz\u00far\u00e1snyom.<\/p>\n","protected":false},"featured_media":23673,"template":"","meta":[],"product_brand":[],"product_cat":[1172],"product_tag":[1664,116,1041,176],"class_list":{"0":"post-23675","1":"product","2":"type-product","3":"status-publish","4":"has-post-thumbnail","6":"product_cat-magyarorszag","7":"product_tag-2nd-auction-hu","8":"product_tag-belyeg","9":"product_tag-marcophily-hu","10":"product_tag-philagem","12":"first","13":"outofstock","14":"sold-individually","15":"shipping-taxable","16":"product-type-simple"},"_links":{"self":[{"href":"https:\/\/stampcurio.com\/hu\/wp-json\/wp\/v2\/product\/23675","targetHints":{"allow":["GET"]}}],"collection":[{"href":"https:\/\/stampcurio.com\/hu\/wp-json\/wp\/v2\/product"}],"about":[{"href":"https:\/\/stampcurio.com\/hu\/wp-json\/wp\/v2\/types\/product"}],"wp:featuredmedia":[{"embeddable":true,"href":"https:\/\/stampcurio.com\/hu\/wp-json\/wp\/v2\/media\/23673"}],"wp:attachment":[{"href":"https:\/\/stampcurio.com\/hu\/wp-json\/wp\/v2\/media?parent=23675"}],"wp:term":[{"taxonomy":"product_brand","embeddable":true,"href":"https:\/\/stampcurio.com\/hu\/wp-json\/wp\/v2\/product_brand?post=23675"},{"taxonomy":"product_cat","embeddable":true,"href":"https:\/\/stampcurio.com\/hu\/wp-json\/wp\/v2\/product_cat?post=23675"},{"taxonomy":"product_tag","embeddable":true,"href":"https:\/\/stampcurio.com\/hu\/wp-json\/wp\/v2\/product_tag?post=23675"}],"curies":[{"name":"wp","href":"https:\/\/api.w.org\/{rel}","templated":true}]}}