{"id":23666,"date":"2024-12-12T14:38:09","date_gmt":"2024-12-12T13:38:09","guid":{"rendered":"https:\/\/stampcurio.com\/product\/sc-24-3177\/"},"modified":"2025-12-05T04:04:51","modified_gmt":"2025-12-05T03:04:51","slug":"1850-ausztria-3kr-ia3-tipus-rozsaszin-szep-okucane-belyegzessel-gudlin-250-pont-muller-10-pont-kiemelt-kozepresz-ferchenbauer-65-eur","status":"publish","type":"product","link":"https:\/\/stampcurio.com\/hu\/termek\/1850-ausztria-3kr-ia3-tipus-rozsaszin-szep-okucane-belyegzessel-gudlin-250-pont-muller-10-pont-kiemelt-kozepresz-ferchenbauer-65-eur\/","title":{"rendered":"1850 Ausztria &#8211; 3kr Ia3 t\u00edpus r\u00f3zsasz\u00edn &#8211; sz\u00e9p OKU\u010cANE b\u00e9lyegz\u00e9ssel Gudlin 250 pont \/ M\u00fcller 10 pont &#8211; kiemelt k\u00f6z\u00e9pr\u00e9sz Ferchenbauer 65 EUR"},"content":{"rendered":"","protected":false},"excerpt":{"rendered":"","protected":false},"featured_media":23664,"template":"","meta":[],"product_brand":[],"product_cat":[1178,1192,1172],"product_tag":[1664,116,1041,217],"class_list":{"0":"post-23666","1":"product","2":"type-product","3":"status-publish","4":"has-post-thumbnail","6":"product_cat-ausztria","7":"product_cat-horvatorszag","8":"product_cat-magyarorszag","9":"product_tag-2nd-auction-hu","10":"product_tag-belyeg","11":"product_tag-marcophily-hu","12":"product_tag-tevnyomat","14":"first","15":"outofstock","16":"sold-individually","17":"shipping-taxable","18":"product-type-simple"},"_links":{"self":[{"href":"https:\/\/stampcurio.com\/hu\/wp-json\/wp\/v2\/product\/23666","targetHints":{"allow":["GET"]}}],"collection":[{"href":"https:\/\/stampcurio.com\/hu\/wp-json\/wp\/v2\/product"}],"about":[{"href":"https:\/\/stampcurio.com\/hu\/wp-json\/wp\/v2\/types\/product"}],"wp:featuredmedia":[{"embeddable":true,"href":"https:\/\/stampcurio.com\/hu\/wp-json\/wp\/v2\/media\/23664"}],"wp:attachment":[{"href":"https:\/\/stampcurio.com\/hu\/wp-json\/wp\/v2\/media?parent=23666"}],"wp:term":[{"taxonomy":"product_brand","embeddable":true,"href":"https:\/\/stampcurio.com\/hu\/wp-json\/wp\/v2\/product_brand?post=23666"},{"taxonomy":"product_cat","embeddable":true,"href":"https:\/\/stampcurio.com\/hu\/wp-json\/wp\/v2\/product_cat?post=23666"},{"taxonomy":"product_tag","embeddable":true,"href":"https:\/\/stampcurio.com\/hu\/wp-json\/wp\/v2\/product_tag?post=23666"}],"curies":[{"name":"wp","href":"https:\/\/api.w.org\/{rel}","templated":true}]}}