{"id":23661,"date":"2024-12-12T14:37:51","date_gmt":"2024-12-12T13:37:51","guid":{"rendered":"https:\/\/stampcurio.com\/product\/sc-24-3175\/"},"modified":"2025-12-05T04:04:51","modified_gmt":"2025-12-05T03:04:51","slug":"1881-magyarorszag-krajcaros-kiadas-szep-csejte-belyegzes-gudlin-100-pont","status":"publish","type":"product","link":"https:\/\/stampcurio.com\/hu\/termek\/1881-magyarorszag-krajcaros-kiadas-szep-csejte-belyegzes-gudlin-100-pont\/","title":{"rendered":"1881 Magyarorsz\u00e1g \u2013 krajc\u00e1ros kiad\u00e1s sz\u00e9p CSEJTE b\u00e9lyegz\u00e9s Gudlin 100 pont"},"content":{"rendered":"","protected":false},"excerpt":{"rendered":"","protected":false},"featured_media":23659,"template":"","meta":[],"product_brand":[],"product_cat":[1172,1189],"product_tag":[1664,116,1041],"class_list":{"0":"post-23661","1":"product","2":"type-product","3":"status-publish","4":"has-post-thumbnail","6":"product_cat-magyarorszag","7":"product_cat-szlovakia","8":"product_tag-2nd-auction-hu","9":"product_tag-belyeg","10":"product_tag-marcophily-hu","12":"first","13":"outofstock","14":"sold-individually","15":"shipping-taxable","16":"product-type-simple"},"_links":{"self":[{"href":"https:\/\/stampcurio.com\/hu\/wp-json\/wp\/v2\/product\/23661","targetHints":{"allow":["GET"]}}],"collection":[{"href":"https:\/\/stampcurio.com\/hu\/wp-json\/wp\/v2\/product"}],"about":[{"href":"https:\/\/stampcurio.com\/hu\/wp-json\/wp\/v2\/types\/product"}],"wp:featuredmedia":[{"embeddable":true,"href":"https:\/\/stampcurio.com\/hu\/wp-json\/wp\/v2\/media\/23659"}],"wp:attachment":[{"href":"https:\/\/stampcurio.com\/hu\/wp-json\/wp\/v2\/media?parent=23661"}],"wp:term":[{"taxonomy":"product_brand","embeddable":true,"href":"https:\/\/stampcurio.com\/hu\/wp-json\/wp\/v2\/product_brand?post=23661"},{"taxonomy":"product_cat","embeddable":true,"href":"https:\/\/stampcurio.com\/hu\/wp-json\/wp\/v2\/product_cat?post=23661"},{"taxonomy":"product_tag","embeddable":true,"href":"https:\/\/stampcurio.com\/hu\/wp-json\/wp\/v2\/product_tag?post=23661"}],"curies":[{"name":"wp","href":"https:\/\/api.w.org\/{rel}","templated":true}]}}