{"id":23581,"date":"2024-12-12T14:32:47","date_gmt":"2024-12-12T13:32:47","guid":{"rendered":"https:\/\/stampcurio.com\/product\/sc-24-2563\/"},"modified":"2025-12-05T04:04:51","modified_gmt":"2025-12-05T03:04:51","slug":"1896-1926-millenniumi-dijjegyes-lap-30-evvel-kesobbi-felhasznalassal","status":"publish","type":"product","link":"https:\/\/stampcurio.com\/hu\/termek\/1896-1926-millenniumi-dijjegyes-lap-30-evvel-kesobbi-felhasznalassal\/","title":{"rendered":"1896 \/1926 millenniumi d\u00edjjegyes lap 30 (!) \u00e9vvel k\u00e9s\u0151bbi felhaszn\u00e1l\u00e1ssal"},"content":{"rendered":"","protected":false},"excerpt":{"rendered":"","protected":false},"featured_media":23579,"template":"","meta":[],"product_brand":[],"product_cat":[1172],"product_tag":[1664,74,89],"class_list":{"0":"post-23581","1":"product","2":"type-product","3":"status-publish","4":"has-post-thumbnail","6":"product_cat-magyarorszag","7":"product_tag-2nd-auction-hu","8":"product_tag-dijjegyes","9":"product_tag-postatortenet","11":"first","12":"outofstock","13":"sold-individually","14":"shipping-taxable","15":"product-type-simple"},"_links":{"self":[{"href":"https:\/\/stampcurio.com\/hu\/wp-json\/wp\/v2\/product\/23581","targetHints":{"allow":["GET"]}}],"collection":[{"href":"https:\/\/stampcurio.com\/hu\/wp-json\/wp\/v2\/product"}],"about":[{"href":"https:\/\/stampcurio.com\/hu\/wp-json\/wp\/v2\/types\/product"}],"wp:featuredmedia":[{"embeddable":true,"href":"https:\/\/stampcurio.com\/hu\/wp-json\/wp\/v2\/media\/23579"}],"wp:attachment":[{"href":"https:\/\/stampcurio.com\/hu\/wp-json\/wp\/v2\/media?parent=23581"}],"wp:term":[{"taxonomy":"product_brand","embeddable":true,"href":"https:\/\/stampcurio.com\/hu\/wp-json\/wp\/v2\/product_brand?post=23581"},{"taxonomy":"product_cat","embeddable":true,"href":"https:\/\/stampcurio.com\/hu\/wp-json\/wp\/v2\/product_cat?post=23581"},{"taxonomy":"product_tag","embeddable":true,"href":"https:\/\/stampcurio.com\/hu\/wp-json\/wp\/v2\/product_tag?post=23581"}],"curies":[{"name":"wp","href":"https:\/\/api.w.org\/{rel}","templated":true}]}}