{"id":23497,"date":"2024-12-12T10:15:23","date_gmt":"2024-12-12T09:15:23","guid":{"rendered":"https:\/\/stampcurio.com\/?post_type=product&#038;p=23497"},"modified":"2025-12-05T04:04:52","modified_gmt":"2025-12-05T03:04:52","slug":"1919-magyarorszag-zombori-porto-provizorium-ceges-helyi-boritekon-pruf-bodor","status":"publish","type":"product","link":"https:\/\/stampcurio.com\/hu\/termek\/1919-magyarorszag-zombori-porto-provizorium-ceges-helyi-boritekon-pruf-bodor\/","title":{"rendered":"1919 Magyarorsz\u00e1g &#8211; Zombori port\u00f3 proviz\u00f3rium c\u00e9ges helyi bor\u00edt\u00e9kon &#8211; pr\u00fcf Bodor"},"content":{"rendered":"","protected":false},"excerpt":{"rendered":"","protected":false},"featured_media":11250,"template":"","meta":[],"product_brand":[],"product_cat":[1172,1245],"product_tag":[1664,116,176,108,89,256,1006],"class_list":{"0":"post-23497","1":"product","2":"type-product","3":"status-publish","4":"has-post-thumbnail","6":"product_cat-magyarorszag","7":"product_cat-szerbia","8":"product_tag-2nd-auction-hu","9":"product_tag-belyeg","10":"product_tag-philagem","11":"product_tag-porto","12":"product_tag-postatortenet","13":"product_tag-provizorium","14":"product_tag-unsold","15":"pa_catalog_id-398","17":"first","18":"outofstock","19":"sold-individually","20":"shipping-taxable","21":"product-type-simple"},"_links":{"self":[{"href":"https:\/\/stampcurio.com\/hu\/wp-json\/wp\/v2\/product\/23497","targetHints":{"allow":["GET"]}}],"collection":[{"href":"https:\/\/stampcurio.com\/hu\/wp-json\/wp\/v2\/product"}],"about":[{"href":"https:\/\/stampcurio.com\/hu\/wp-json\/wp\/v2\/types\/product"}],"wp:featuredmedia":[{"embeddable":true,"href":"https:\/\/stampcurio.com\/hu\/wp-json\/wp\/v2\/media\/11250"}],"wp:attachment":[{"href":"https:\/\/stampcurio.com\/hu\/wp-json\/wp\/v2\/media?parent=23497"}],"wp:term":[{"taxonomy":"product_brand","embeddable":true,"href":"https:\/\/stampcurio.com\/hu\/wp-json\/wp\/v2\/product_brand?post=23497"},{"taxonomy":"product_cat","embeddable":true,"href":"https:\/\/stampcurio.com\/hu\/wp-json\/wp\/v2\/product_cat?post=23497"},{"taxonomy":"product_tag","embeddable":true,"href":"https:\/\/stampcurio.com\/hu\/wp-json\/wp\/v2\/product_tag?post=23497"}],"curies":[{"name":"wp","href":"https:\/\/api.w.org\/{rel}","templated":true}]}}