{"id":23373,"date":"2024-12-11T20:26:08","date_gmt":"2024-12-11T19:26:08","guid":{"rendered":"https:\/\/stampcurio.com\/?post_type=product&#038;p=23373"},"modified":"2025-12-05T04:04:52","modified_gmt":"2025-12-05T03:04:52","slug":"1939-szovjetunio-lenin-sztalin-pecsetelt-enyvezett-blokkpar-saroktores-a-blokk-hatoldalan-betapadas-nyoma-2","status":"publish","type":"product","link":"https:\/\/stampcurio.com\/hu\/termek\/1939-szovjetunio-lenin-sztalin-pecsetelt-enyvezett-blokkpar-saroktores-a-blokk-hatoldalan-betapadas-nyoma-2\/","title":{"rendered":"1939 Szovjetuni\u00f3 &#8211; Lenin &#8211; Szt\u00e1lin pecs\u00e9telt, enyvezett blokkp\u00e1r, sarokt\u00f6r\u00e9s, a blokk h\u00e1toldal\u00e1n betapad\u00e1s nyoma"},"content":{"rendered":"","protected":false},"excerpt":{"rendered":"","protected":false},"featured_media":23678,"template":"","meta":[],"product_brand":[],"product_cat":[1239],"product_tag":[1664,116,1006],"class_list":{"0":"post-23373","1":"product","2":"type-product","3":"status-publish","4":"has-post-thumbnail","6":"product_cat-szovjetunio","7":"product_tag-2nd-auction-hu","8":"product_tag-belyeg","9":"product_tag-unsold","11":"first","12":"outofstock","13":"sold-individually","14":"shipping-taxable","15":"product-type-simple"},"_links":{"self":[{"href":"https:\/\/stampcurio.com\/hu\/wp-json\/wp\/v2\/product\/23373","targetHints":{"allow":["GET"]}}],"collection":[{"href":"https:\/\/stampcurio.com\/hu\/wp-json\/wp\/v2\/product"}],"about":[{"href":"https:\/\/stampcurio.com\/hu\/wp-json\/wp\/v2\/types\/product"}],"wp:featuredmedia":[{"embeddable":true,"href":"https:\/\/stampcurio.com\/hu\/wp-json\/wp\/v2\/media\/23678"}],"wp:attachment":[{"href":"https:\/\/stampcurio.com\/hu\/wp-json\/wp\/v2\/media?parent=23373"}],"wp:term":[{"taxonomy":"product_brand","embeddable":true,"href":"https:\/\/stampcurio.com\/hu\/wp-json\/wp\/v2\/product_brand?post=23373"},{"taxonomy":"product_cat","embeddable":true,"href":"https:\/\/stampcurio.com\/hu\/wp-json\/wp\/v2\/product_cat?post=23373"},{"taxonomy":"product_tag","embeddable":true,"href":"https:\/\/stampcurio.com\/hu\/wp-json\/wp\/v2\/product_tag?post=23373"}],"curies":[{"name":"wp","href":"https:\/\/api.w.org\/{rel}","templated":true}]}}