{"id":23369,"date":"2024-12-11T20:24:21","date_gmt":"2024-12-11T19:24:21","guid":{"rendered":"https:\/\/stampcurio.com\/?post_type=product&#038;p=23369"},"modified":"2025-12-05T04:04:53","modified_gmt":"2025-12-05T03:04:53","slug":"1931-magyarorszag-zeppelin-par-pecsetelt-michel-180-eur","status":"publish","type":"product","link":"https:\/\/stampcurio.com\/hu\/termek\/1931-magyarorszag-zeppelin-par-pecsetelt-michel-180-eur\/","title":{"rendered":"1931 Magyarorsz\u00e1g &#8211; Zeppelin p\u00e1r pecs\u00e9telt | Michel: 180 EUR"},"content":{"rendered":"","protected":false},"excerpt":{"rendered":"","protected":false},"featured_media":24355,"template":"","meta":[],"product_brand":[],"product_cat":[1172],"product_tag":[1664,116,115,1006,150],"class_list":{"0":"post-23369","1":"product","2":"type-product","3":"status-publish","4":"has-post-thumbnail","6":"product_cat-magyarorszag","7":"product_tag-2nd-auction-hu","8":"product_tag-belyeg","9":"product_tag-legiposta","10":"product_tag-unsold","11":"product_tag-zeppelin","13":"first","14":"outofstock","15":"sold-individually","16":"shipping-taxable","17":"product-type-simple"},"_links":{"self":[{"href":"https:\/\/stampcurio.com\/hu\/wp-json\/wp\/v2\/product\/23369","targetHints":{"allow":["GET"]}}],"collection":[{"href":"https:\/\/stampcurio.com\/hu\/wp-json\/wp\/v2\/product"}],"about":[{"href":"https:\/\/stampcurio.com\/hu\/wp-json\/wp\/v2\/types\/product"}],"wp:featuredmedia":[{"embeddable":true,"href":"https:\/\/stampcurio.com\/hu\/wp-json\/wp\/v2\/media\/24355"}],"wp:attachment":[{"href":"https:\/\/stampcurio.com\/hu\/wp-json\/wp\/v2\/media?parent=23369"}],"wp:term":[{"taxonomy":"product_brand","embeddable":true,"href":"https:\/\/stampcurio.com\/hu\/wp-json\/wp\/v2\/product_brand?post=23369"},{"taxonomy":"product_cat","embeddable":true,"href":"https:\/\/stampcurio.com\/hu\/wp-json\/wp\/v2\/product_cat?post=23369"},{"taxonomy":"product_tag","embeddable":true,"href":"https:\/\/stampcurio.com\/hu\/wp-json\/wp\/v2\/product_tag?post=23369"}],"curies":[{"name":"wp","href":"https:\/\/api.w.org\/{rel}","templated":true}]}}