{"id":2302,"date":"2023-11-10T23:59:43","date_gmt":"2023-11-10T22:59:43","guid":{"rendered":"http:\/\/stampcurio.com\/?post_type=product&#038;p=2302"},"modified":"2025-12-05T04:13:28","modified_gmt":"2025-12-05T03:13:28","slug":"1945-marcius-29-kepeslap-provizorikusan-a-postan-hasznalt-berettyoujfalu-pu-levelszekrenybol-belyegzessel","status":"publish","type":"product","link":"https:\/\/stampcurio.com\/hu\/termek\/1945-marcius-29-kepeslap-provizorikusan-a-postan-hasznalt-berettyoujfalu-pu-levelszekrenybol-belyegzessel\/","title":{"rendered":"1945. m\u00e1rcius 29. k\u00e9peslap proviz\u00f3rikusan a post\u00e1n haszn\u00e1lt Beretty\u00f3\u00fajfalu PU. lev\u00e9lszekr\u00e9nyb\u0151l b\u00e9lyegz\u00e9ssel"},"content":{"rendered":"","protected":false},"excerpt":{"rendered":"","protected":false},"featured_media":11117,"template":"","meta":[],"product_brand":[],"product_cat":[73],"product_tag":[279,1044,1008,67,89,256],"class_list":{"0":"post-2302","1":"product","2":"type-product","3":"status-publish","4":"has-post-thumbnail","6":"product_cat-magyarorszag-1st","7":"product_tag-1944-45","8":"product_tag-1st-auction-hu","9":"product_tag-ebay","10":"product_tag-marcofilatelia","11":"product_tag-postatortenet","12":"product_tag-provizorium","13":"pa_catalog_id-255","15":"first","16":"instock","17":"sold-individually","18":"shipping-taxable","19":"product-type-simple"},"_links":{"self":[{"href":"https:\/\/stampcurio.com\/hu\/wp-json\/wp\/v2\/product\/2302","targetHints":{"allow":["GET"]}}],"collection":[{"href":"https:\/\/stampcurio.com\/hu\/wp-json\/wp\/v2\/product"}],"about":[{"href":"https:\/\/stampcurio.com\/hu\/wp-json\/wp\/v2\/types\/product"}],"wp:featuredmedia":[{"embeddable":true,"href":"https:\/\/stampcurio.com\/hu\/wp-json\/wp\/v2\/media\/11117"}],"wp:attachment":[{"href":"https:\/\/stampcurio.com\/hu\/wp-json\/wp\/v2\/media?parent=2302"}],"wp:term":[{"taxonomy":"product_brand","embeddable":true,"href":"https:\/\/stampcurio.com\/hu\/wp-json\/wp\/v2\/product_brand?post=2302"},{"taxonomy":"product_cat","embeddable":true,"href":"https:\/\/stampcurio.com\/hu\/wp-json\/wp\/v2\/product_cat?post=2302"},{"taxonomy":"product_tag","embeddable":true,"href":"https:\/\/stampcurio.com\/hu\/wp-json\/wp\/v2\/product_tag?post=2302"}],"curies":[{"name":"wp","href":"https:\/\/api.w.org\/{rel}","templated":true}]}}