{"id":2300,"date":"2023-11-10T23:37:58","date_gmt":"2023-11-10T22:37:58","guid":{"rendered":"http:\/\/stampcurio.com\/?post_type=product&#038;p=2300"},"modified":"2025-12-05T04:13:29","modified_gmt":"2025-12-05T03:13:29","slug":"1932-ujfundland-do-x-elso-repules-boritek-endresz-gyorgynek-cimezve-2-nappal-a-halala-elott","status":"publish","type":"product","link":"https:\/\/stampcurio.com\/hu\/termek\/1932-ujfundland-do-x-elso-repules-boritek-endresz-gyorgynek-cimezve-2-nappal-a-halala-elott\/","title":{"rendered":"1932 \u00dajfundland DO-X els\u0151 rep\u00fcl\u00e9s bor\u00edt\u00e9k Endr\u00e9sz Gy\u00f6rgynek c\u00edmezve 2 nappal a hal\u00e1la el\u0151tt&#8230;"},"content":{"rendered":"","protected":false},"excerpt":{"rendered":"<p>A levelet bizonyosan nem kapta k\u00e9zhez tekintettel hogy a felad\u00e1s ut\u00e1n k\u00e9t nappal rep\u00fcl\u0151szerencs\u00e9tlens\u00e9gben meghalt.<br \/>\n<a href=\"https:\/\/hu.wikipedia.org\/wiki\/Endresz_Gy%C3%B6rgy\">Endr\u00e9sz Gy\u00f6rgy \u00e9letrajz<\/a><\/p>\n","protected":false},"featured_media":11119,"template":"","meta":[],"product_brand":[],"product_cat":[253,73],"product_tag":[1044,116,115,176,89],"class_list":{"0":"post-2300","1":"product","2":"type-product","3":"status-publish","4":"has-post-thumbnail","6":"product_cat-kanada-1st","7":"product_cat-magyarorszag-1st","8":"product_tag-1st-auction-hu","9":"product_tag-belyeg","10":"product_tag-legiposta","11":"product_tag-philagem","12":"product_tag-postatortenet","13":"pa_catalog_id-252","15":"first","16":"instock","17":"sold-individually","18":"shipping-taxable","19":"product-type-simple"},"_links":{"self":[{"href":"https:\/\/stampcurio.com\/hu\/wp-json\/wp\/v2\/product\/2300","targetHints":{"allow":["GET"]}}],"collection":[{"href":"https:\/\/stampcurio.com\/hu\/wp-json\/wp\/v2\/product"}],"about":[{"href":"https:\/\/stampcurio.com\/hu\/wp-json\/wp\/v2\/types\/product"}],"wp:featuredmedia":[{"embeddable":true,"href":"https:\/\/stampcurio.com\/hu\/wp-json\/wp\/v2\/media\/11119"}],"wp:attachment":[{"href":"https:\/\/stampcurio.com\/hu\/wp-json\/wp\/v2\/media?parent=2300"}],"wp:term":[{"taxonomy":"product_brand","embeddable":true,"href":"https:\/\/stampcurio.com\/hu\/wp-json\/wp\/v2\/product_brand?post=2300"},{"taxonomy":"product_cat","embeddable":true,"href":"https:\/\/stampcurio.com\/hu\/wp-json\/wp\/v2\/product_cat?post=2300"},{"taxonomy":"product_tag","embeddable":true,"href":"https:\/\/stampcurio.com\/hu\/wp-json\/wp\/v2\/product_tag?post=2300"}],"curies":[{"name":"wp","href":"https:\/\/api.w.org\/{rel}","templated":true}]}}