{"id":2288,"date":"2023-11-10T23:11:32","date_gmt":"2023-11-10T22:11:32","guid":{"rendered":"http:\/\/stampcurio.com\/?post_type=product&#038;p=2288"},"modified":"2025-12-05T04:13:29","modified_gmt":"2025-12-05T03:13:29","slug":"1850-ausztria-9kr-i-tipus-lemezhibakkal-kuldfoldre-meno-levelen-pest-bajororszag","status":"publish","type":"product","link":"https:\/\/stampcurio.com\/hu\/termek\/1850-ausztria-9kr-i-tipus-lemezhibakkal-kuldfoldre-meno-levelen-pest-bajororszag\/","title":{"rendered":"1850 Ausztria 9kr I. t\u00edpus &#8211; lemezhib\u00e1kkal &#8211; k\u00fcldf\u00f6ldre men\u0151 lev\u00e9len Pest -> Bajororsz\u00e1g"},"content":{"rendered":"","protected":false},"excerpt":{"rendered":"<p>A magyar ter\u00fcletr\u0151l k\u00fclf\u00f6ldre men\u0151 levelek jelent\u0151sen ritk\u00e1bbak. <\/p>\n","protected":false},"featured_media":11135,"template":"","meta":[],"product_brand":[],"product_cat":[60,73],"product_tag":[1044,116,89,217],"class_list":{"0":"post-2288","1":"product","2":"type-product","3":"status-publish","4":"has-post-thumbnail","6":"product_cat-ausztria-1st","7":"product_cat-magyarorszag-1st","8":"product_tag-1st-auction-hu","9":"product_tag-belyeg","10":"product_tag-postatortenet","11":"product_tag-tevnyomat","12":"pa_catalog_id-251","14":"first","15":"instock","16":"sold-individually","17":"shipping-taxable","18":"product-type-simple"},"_links":{"self":[{"href":"https:\/\/stampcurio.com\/hu\/wp-json\/wp\/v2\/product\/2288","targetHints":{"allow":["GET"]}}],"collection":[{"href":"https:\/\/stampcurio.com\/hu\/wp-json\/wp\/v2\/product"}],"about":[{"href":"https:\/\/stampcurio.com\/hu\/wp-json\/wp\/v2\/types\/product"}],"wp:featuredmedia":[{"embeddable":true,"href":"https:\/\/stampcurio.com\/hu\/wp-json\/wp\/v2\/media\/11135"}],"wp:attachment":[{"href":"https:\/\/stampcurio.com\/hu\/wp-json\/wp\/v2\/media?parent=2288"}],"wp:term":[{"taxonomy":"product_brand","embeddable":true,"href":"https:\/\/stampcurio.com\/hu\/wp-json\/wp\/v2\/product_brand?post=2288"},{"taxonomy":"product_cat","embeddable":true,"href":"https:\/\/stampcurio.com\/hu\/wp-json\/wp\/v2\/product_cat?post=2288"},{"taxonomy":"product_tag","embeddable":true,"href":"https:\/\/stampcurio.com\/hu\/wp-json\/wp\/v2\/product_tag?post=2288"}],"curies":[{"name":"wp","href":"https:\/\/api.w.org\/{rel}","templated":true}]}}