{"id":2265,"date":"2023-11-10T22:25:33","date_gmt":"2023-11-10T21:25:33","guid":{"rendered":"http:\/\/stampcurio.com\/?post_type=product&#038;p=2265"},"modified":"2025-12-05T04:13:30","modified_gmt":"2025-12-05T03:13:30","slug":"1942-magyar-szamuzottek-londoni-new-democratic-hungary-szervezetenek-ket-levele-mexikoba","status":"publish","type":"product","link":"https:\/\/stampcurio.com\/hu\/termek\/1942-magyar-szamuzottek-londoni-new-democratic-hungary-szervezetenek-ket-levele-mexikoba\/","title":{"rendered":"1942 magyar sz\u00e1m\u00fcz\u00f6ttek Londoni &#8220;New Democratic Hungary&#8221; szervezet\u00e9nek k\u00e9t levele Mexik\u00f3ba"},"content":{"rendered":"","protected":false},"excerpt":{"rendered":"","protected":false},"featured_media":2293,"template":"","meta":[],"product_brand":[],"product_cat":[180,73,249],"product_tag":[1044,67,89],"class_list":{"0":"post-2265","1":"product","2":"type-product","3":"status-publish","4":"has-post-thumbnail","6":"product_cat-egyesult-kiralysag-1st","7":"product_cat-magyarorszag-1st","8":"product_cat-mexiko-1st","9":"product_tag-1st-auction-hu","10":"product_tag-marcofilatelia","11":"product_tag-postatortenet","12":"pa_catalog_id-248","14":"first","15":"instock","16":"sold-individually","17":"shipping-taxable","18":"product-type-simple"},"_links":{"self":[{"href":"https:\/\/stampcurio.com\/hu\/wp-json\/wp\/v2\/product\/2265","targetHints":{"allow":["GET"]}}],"collection":[{"href":"https:\/\/stampcurio.com\/hu\/wp-json\/wp\/v2\/product"}],"about":[{"href":"https:\/\/stampcurio.com\/hu\/wp-json\/wp\/v2\/types\/product"}],"wp:featuredmedia":[{"embeddable":true,"href":"https:\/\/stampcurio.com\/hu\/wp-json\/wp\/v2\/media\/2293"}],"wp:attachment":[{"href":"https:\/\/stampcurio.com\/hu\/wp-json\/wp\/v2\/media?parent=2265"}],"wp:term":[{"taxonomy":"product_brand","embeddable":true,"href":"https:\/\/stampcurio.com\/hu\/wp-json\/wp\/v2\/product_brand?post=2265"},{"taxonomy":"product_cat","embeddable":true,"href":"https:\/\/stampcurio.com\/hu\/wp-json\/wp\/v2\/product_cat?post=2265"},{"taxonomy":"product_tag","embeddable":true,"href":"https:\/\/stampcurio.com\/hu\/wp-json\/wp\/v2\/product_tag?post=2265"}],"curies":[{"name":"wp","href":"https:\/\/api.w.org\/{rel}","templated":true}]}}