{"id":2254,"date":"2023-11-10T21:43:37","date_gmt":"2023-11-10T20:43:37","guid":{"rendered":"http:\/\/stampcurio.com\/?post_type=product&#038;p=2254"},"modified":"2025-12-05T04:13:30","modified_gmt":"2025-12-05T03:13:30","slug":"1868-peru-coat-of-arms-1d-zold-belyeg-ragasztott-papirral-boritekon-tevnyomat","status":"publish","type":"product","link":"https:\/\/stampcurio.com\/hu\/termek\/1868-peru-coat-of-arms-1d-zold-belyeg-ragasztott-papirral-boritekon-tevnyomat\/","title":{"rendered":"1868 Peru Coat of Arms 1D z\u00f6ld b\u00e9lyeg ragasztott pap\u00edrral (!) bor\u00edt\u00e9kon &#8211; t\u00e9vnyomat"},"content":{"rendered":"","protected":false},"excerpt":{"rendered":"<p>A b\u00e9lyeg jobb fels\u0151 sark\u00e1n\u00e1l szakad\u00e1s, feltehet\u0151leg a ragasztott pap\u00edr miatti egyenletlen fel\u00fclet miatt.<\/p>\n","protected":false},"featured_media":11122,"template":"","meta":[],"product_brand":[],"product_cat":[181],"product_tag":[1044,116,89,217],"class_list":{"0":"post-2254","1":"product","2":"type-product","3":"status-publish","4":"has-post-thumbnail","6":"product_cat-peru-1st","7":"product_tag-1st-auction-hu","8":"product_tag-belyeg","9":"product_tag-postatortenet","10":"product_tag-tevnyomat","11":"pa_catalog_id-247","13":"first","14":"instock","15":"sold-individually","16":"shipping-taxable","17":"product-type-simple"},"_links":{"self":[{"href":"https:\/\/stampcurio.com\/hu\/wp-json\/wp\/v2\/product\/2254","targetHints":{"allow":["GET"]}}],"collection":[{"href":"https:\/\/stampcurio.com\/hu\/wp-json\/wp\/v2\/product"}],"about":[{"href":"https:\/\/stampcurio.com\/hu\/wp-json\/wp\/v2\/types\/product"}],"wp:featuredmedia":[{"embeddable":true,"href":"https:\/\/stampcurio.com\/hu\/wp-json\/wp\/v2\/media\/11122"}],"wp:attachment":[{"href":"https:\/\/stampcurio.com\/hu\/wp-json\/wp\/v2\/media?parent=2254"}],"wp:term":[{"taxonomy":"product_brand","embeddable":true,"href":"https:\/\/stampcurio.com\/hu\/wp-json\/wp\/v2\/product_brand?post=2254"},{"taxonomy":"product_cat","embeddable":true,"href":"https:\/\/stampcurio.com\/hu\/wp-json\/wp\/v2\/product_cat?post=2254"},{"taxonomy":"product_tag","embeddable":true,"href":"https:\/\/stampcurio.com\/hu\/wp-json\/wp\/v2\/product_tag?post=2254"}],"curies":[{"name":"wp","href":"https:\/\/api.w.org\/{rel}","templated":true}]}}