{"id":2246,"date":"2023-11-10T21:35:29","date_gmt":"2023-11-10T20:35:29","guid":{"rendered":"http:\/\/stampcurio.com\/?post_type=product&#038;p=2246"},"modified":"2025-12-05T04:13:30","modified_gmt":"2025-12-05T03:13:30","slug":"1893-guatemala-dijjegyes-valaszos-levelezesi-lap-magyarorszagra-via-livingston-beylegzessel","status":"publish","type":"product","link":"https:\/\/stampcurio.com\/hu\/termek\/1893-guatemala-dijjegyes-valaszos-levelezesi-lap-magyarorszagra-via-livingston-beylegzessel\/","title":{"rendered":"1893 Guatemala d\u00edjjegyes v\u00e1laszos levelez\u00e9si lap Magyarorsz\u00e1gra &#8211; via Livingston b\u00e9ylegz\u00e9ssel"},"content":{"rendered":"","protected":false},"excerpt":{"rendered":"<p>\u00c9rdekes BUDAPEST \/ VIZIV\u00c1ROS \/ 1 \/ SZ \u00e9rkez\u00e9si b\u00e9lyegz\u0151, melyn\u00e9l az 1 sz\u00e1m van a korona hely\u00e9n.<\/p>\n","protected":false},"featured_media":11125,"template":"","meta":[],"product_brand":[],"product_cat":[245,73],"product_tag":[1044,74,67,89],"class_list":{"0":"post-2246","1":"product","2":"type-product","3":"status-publish","4":"has-post-thumbnail","6":"product_cat-guatemala-1st","7":"product_cat-magyarorszag-1st","8":"product_tag-1st-auction-hu","9":"product_tag-dijjegyes","10":"product_tag-marcofilatelia","11":"product_tag-postatortenet","12":"pa_catalog_id-244","14":"first","15":"instock","16":"sold-individually","17":"shipping-taxable","18":"product-type-simple"},"_links":{"self":[{"href":"https:\/\/stampcurio.com\/hu\/wp-json\/wp\/v2\/product\/2246","targetHints":{"allow":["GET"]}}],"collection":[{"href":"https:\/\/stampcurio.com\/hu\/wp-json\/wp\/v2\/product"}],"about":[{"href":"https:\/\/stampcurio.com\/hu\/wp-json\/wp\/v2\/types\/product"}],"wp:featuredmedia":[{"embeddable":true,"href":"https:\/\/stampcurio.com\/hu\/wp-json\/wp\/v2\/media\/11125"}],"wp:attachment":[{"href":"https:\/\/stampcurio.com\/hu\/wp-json\/wp\/v2\/media?parent=2246"}],"wp:term":[{"taxonomy":"product_brand","embeddable":true,"href":"https:\/\/stampcurio.com\/hu\/wp-json\/wp\/v2\/product_brand?post=2246"},{"taxonomy":"product_cat","embeddable":true,"href":"https:\/\/stampcurio.com\/hu\/wp-json\/wp\/v2\/product_cat?post=2246"},{"taxonomy":"product_tag","embeddable":true,"href":"https:\/\/stampcurio.com\/hu\/wp-json\/wp\/v2\/product_tag?post=2246"}],"curies":[{"name":"wp","href":"https:\/\/api.w.org\/{rel}","templated":true}]}}